{"id":10105,"date":"2024-11-19T07:27:44","date_gmt":"2024-11-19T07:27:44","guid":{"rendered":"https:\/\/profilplus.pl\/lieferanten\/"},"modified":"2024-11-19T12:29:10","modified_gmt":"2024-11-19T12:29:10","slug":"lieferanten","status":"publish","type":"page","link":"https:\/\/profilplus.pl\/de\/lieferanten\/","title":{"rendered":"Lieferanten"},"content":{"rendered":"<div class=\"wpb-content-wrapper\"><p>[vc_row full_width=&#8220;stretch_row&#8220; content_placement=&#8220;middle&#8220; woodmart_stretch_content=&#8220;section-stretch&#8220; css=&#8220;.vc_custom_1715852708879{margin-top: -40px !important;margin-bottom: 21px !important;border-bottom-width: 1px !important;padding-top: 80px !important;padding-bottom: 40px !important;background-color: #ffffff !important;border-bottom-style: solid !important;border-color: #e1e1e1 !important;}&#8220; mobile_bg_img_hidden=&#8220;no&#8220; tablet_bg_img_hidden=&#8220;no&#8220; woodmart_parallax=&#8220;0&#8243; woodmart_gradient_switch=&#8220;no&#8220; row_reverse_mobile=&#8220;0&#8243; row_reverse_tablet=&#8220;0&#8243; woodmart_disable_overflow=&#8220;0&#8243; wd_z_index=&#8220;no&#8220; woodmart_css_id=&#8220;6645d5997b337&#8243; responsive_spacing=&#8220;eyJwYXJhbV90eXBlIjoid29vZG1hcnRfcmVzcG9uc2l2ZV9zcGFjaW5nIiwic2VsZWN0b3JfaWQiOiI2NjQ1ZDU5OTdiMzM3Iiwic2hvcnRjb2RlIjoidmNfcm93IiwiZGF0YSI6eyJ0YWJsZXQiOnt9LCJtb2JpbGUiOnsibWFyZ2luLWJvdHRvbSI6IjYwcHgiLCJwYWRkaW5nLXRvcCI6IjYwcHgiLCJwYWRkaW5nLWJvdHRvbSI6IjIwcHgifX19&#8243; woodmart_box_shadow=&#8220;no&#8220;][vc_column css=&#8220;.vc_custom_1713334537592{margin-bottom: 40px !important;padding-top: 0px !important;}&#8220; mobile_bg_img_hidden=&#8220;no&#8220; tablet_bg_img_hidden=&#8220;no&#8220; woodmart_parallax=&#8220;0&#8243; woodmart_sticky_column=&#8220;false&#8220; parallax_scroll=&#8220;no&#8220; mobile_reset_margin=&#8220;no&#8220; tablet_reset_margin=&#8220;no&#8220; offset=&#8220;vc_col-lg-5 vc_col-md-5 vc_col-xs-12&#8243; wd_z_index=&#8220;no&#8220; woodmart_css_id=&#8220;661f68f6e8ec4&#8243; responsive_spacing=&#8220;eyJwYXJhbV90eXBlIjoid29vZG1hcnRfcmVzcG9uc2l2ZV9zcGFjaW5nIiwic2VsZWN0b3JfaWQiOiI2NjFmNjhmNmU4ZWM0Iiwic2hvcnRjb2RlIjoidmNfY29sdW1uIiwiZGF0YSI6eyJ0YWJsZXQiOnt9LCJtb2JpbGUiOnt9fX0=&#8220; wd_collapsible_content_switcher=&#8220;no&#8220; wd_column_role_offcanvas_desktop=&#8220;no&#8220; wd_column_role_offcanvas_tablet=&#8220;no&#8220; wd_column_role_offcanvas_mobile=&#8220;no&#8220; wd_column_role_content_desktop=&#8220;no&#8220; wd_column_role_content_tablet=&#8220;no&#8220; wd_column_role_content_mobile=&#8220;no&#8220; woodmart_box_shadow=&#8220;no&#8220;]\n\t\t<div id=\"wd-673c3e19188a1\" class=\"title-wrapper wd-wpb wd-set-mb reset-last-child  wd-rs-673c3e19188a1 wd-title-color-primary wd-title-style-default text-left vc_custom_1732001321929 wd-width-enabled wd-underline-colored\" style=\"--wd-max-width: 90%;\">\n\t\t\t\t\t\t\t\n\t\t\t\t<div class=\"title-subtitle  subtitle-color-primary font-default subtitle-style-default wd-font-weight-600 wd-fontsize-xs\">ZUVERL\u00c4SSIGE PARTNER F\u00dcR SICHERE L\u00d6SUNGEN<\/div>\n\t\t\t\n\t\t\t<div class=\"liner-continer\">\n\t\t\t\t<h1 class=\"woodmart-title-container title  wd-font-weight- wd-fontsize-xxl\" >MATERIALLIEFERANTEN<\/h1>\n\t\t\t\t\t\t\t<\/div>\n\t\t\t\n\t\t\t\n\t\t\t\n\t\t<\/div>\n\t\t\n\t\t[\/vc_column][vc_column width=&#8220;1\/2&#8243; css=&#8220;.vc_custom_1732001465724{margin-bottom: 40px !important;padding-top: 0px !important;}&#8220; mobile_bg_img_hidden=&#8220;no&#8220; tablet_bg_img_hidden=&#8220;no&#8220; woodmart_parallax=&#8220;0&#8243; woodmart_sticky_column=&#8220;false&#8220; parallax_scroll=&#8220;no&#8220; mobile_reset_margin=&#8220;no&#8220; tablet_reset_margin=&#8220;no&#8220; offset=&#8220;vc_col-lg-offset-1 vc_col-lg-4 vc_col-md-4&#8243; wd_z_index=&#8220;no&#8220; woodmart_css_id=&#8220;673c3e8c6ea7e&#8220; responsive_spacing=&#8220;eyJwYXJhbV90eXBlIjoid29vZG1hcnRfcmVzcG9uc2l2ZV9zcGFjaW5nIiwic2VsZWN0b3JfaWQiOiI2NzNjM2U4YzZlYTdlIiwic2hvcnRjb2RlIjoidmNfY29sdW1uIiwiZGF0YSI6eyJ0YWJsZXQiOnt9LCJtb2JpbGUiOnt9fX0=&#8220; wd_collapsible_content_switcher=&#8220;no&#8220; wd_column_role_offcanvas_desktop=&#8220;no&#8220; wd_column_role_offcanvas_tablet=&#8220;no&#8220; wd_column_role_offcanvas_mobile=&#8220;no&#8220; wd_column_role_content_desktop=&#8220;no&#8220; wd_column_role_content_tablet=&#8220;no&#8220; wd_column_role_content_mobile=&#8220;no&#8220; woodmart_box_shadow=&#8220;no&#8220;]\t\t\t<div class=\"info-box-wrapper\">\n\t\t\t\t<div id=\"wd-673c3e2b927a1\" class=\" wd-rs-673c3e2b927a1 wd-info-box wd-wpb text-left box-icon-align-left box-style- color-scheme- wd-bg-none wd-items-top vc_custom_1732001372234\">\n\t\t\t\t\t\t\t\t\t\t<div class=\"info-box-content\">\n\t\t\t\t\t\t\t\t\t\t\t\t<div class=\"info-box-inner reset-last-child\"><p>Qualit\u00e4t und Zuverl\u00e4ssigkeit sind die Schl\u00fcsselelemente unserer T\u00e4tigkeit. Unsere Lieferanten sind Branchenf\u00fchrer, mit denen wir seit vielen Jahren zusammenarbeiten und Vertrauen aufbauen, um h\u00f6chste Qualit\u00e4t in jeder Projektphase zu gew\u00e4hrleisten. So k\u00f6nnen wir Isolierungsprojekte in voller \u00dcbereinstimmung mit den europ\u00e4ischen Standards und den individuellen Anforderungen unserer Kunden durchf\u00fchren.<\/p>\n<\/div>\n\n\t\t\t\t\t\t\t\t\t\t\t<\/div>\n\n\t\t\t\t\t\t\t\t\t\t\t<a class=\"wd-info-box-link wd-fill\" aria-label=\"Infobox link\" href=\"#\" title=\"\"><\/a>\n\t\t\t\t\t\n\t\t\t\t\t\t\t\t\t<\/div>\n\t\t\t<\/div>\n\t\t[\/vc_column][\/vc_row][vc_row css=&#8220;.vc_custom_1715852994092{margin-bottom: 80px !important;}&#8220; woodmart_css_id=&#8220;6645d6ba3ed35&#8243; responsive_spacing=&#8220;eyJwYXJhbV90eXBlIjoid29vZG1hcnRfcmVzcG9uc2l2ZV9zcGFjaW5nIiwic2VsZWN0b3JfaWQiOiI2NjQ1ZDZiYTNlZDM1Iiwic2hvcnRjb2RlIjoidmNfcm93IiwiZGF0YSI6eyJ0YWJsZXQiOnt9LCJtb2JpbGUiOnt9fX0=&#8220; mobile_bg_img_hidden=&#8220;no&#8220; tablet_bg_img_hidden=&#8220;no&#8220; woodmart_parallax=&#8220;0&#8243; woodmart_gradient_switch=&#8220;no&#8220; row_reverse_mobile=&#8220;0&#8243; row_reverse_tablet=&#8220;0&#8243; woodmart_disable_overflow=&#8220;0&#8243; woodmart_box_shadow=&#8220;no&#8220; wd_z_index=&#8220;no&#8220;][vc_column css=&#8220;.vc_custom_1715853004007{padding-top: 10px !important;padding-bottom: 10px !important;}&#8220; mobile_bg_img_hidden=&#8220;no&#8220; tablet_bg_img_hidden=&#8220;no&#8220; woodmart_parallax=&#8220;0&#8243; woodmart_sticky_column=&#8220;false&#8220; parallax_scroll=&#8220;no&#8220; mobile_reset_margin=&#8220;no&#8220; tablet_reset_margin=&#8220;no&#8220; woodmart_css_id=&#8220;6645d6c39b497&#8243; responsive_spacing=&#8220;eyJwYXJhbV90eXBlIjoid29vZG1hcnRfcmVzcG9uc2l2ZV9zcGFjaW5nIiwic2VsZWN0b3JfaWQiOiI2NjQ1ZDZjMzliNDk3Iiwic2hvcnRjb2RlIjoidmNfY29sdW1uIiwiZGF0YSI6eyJ0YWJsZXQiOnt9LCJtb2JpbGUiOnt9fX0=&#8220; wd_z_index=&#8220;yes&#8220; wd_collapsible_content_switcher=&#8220;no&#8220; woodmart_box_shadow=&#8220;no&#8220; wd_z_index_custom=&#8220;eyJkZXZpY2VzIjp7ImRlc2t0b3AiOnsidmFsdWUiOiIzNSJ9fX0=&#8220; wd_column_role_offcanvas_desktop=&#8220;no&#8220; wd_column_role_offcanvas_tablet=&#8220;no&#8220; wd_column_role_offcanvas_mobile=&#8220;no&#8220; wd_column_role_content_desktop=&#8220;no&#8220; wd_column_role_content_tablet=&#8220;no&#8220; wd_column_role_content_mobile=&#8220;no&#8220;][vc_row_inner][vc_column_inner width=&#8220;1\/2&#8243; css=&#8220;.vc_custom_1628173620578{margin-top: 40px !important;margin-bottom: 40px !important;border-right-width: 1px !important;padding-top: 0px !important;border-right-color: #e6e6e6 !important;border-right-style: solid !important;border-radius: 1px !important;}&#8220; offset=&#8220;vc_col-md-3&#8243; woodmart_css_id=&#8220;610bf52ac1681&#8243; responsive_spacing=&#8220;eyJwYXJhbV90eXBlIjoid29vZG1hcnRfcmVzcG9uc2l2ZV9zcGFjaW5nIiwic2VsZWN0b3JfaWQiOiI2MTBiZjUyYWMxNjgxIiwic2hvcnRjb2RlIjoidmNfY29sdW1uX2lubmVyIiwiZGF0YSI6eyJ0YWJsZXQiOnt9LCJtb2JpbGUiOnt9fX0=&#8220;]\t\t<div id=\"wd-673c426d9fc90\" class=\"wd-image wd-wpb wd-rs-673c426d9fc90 text-center \">\n\t\t\t\n\t\t\t<img loading=\"lazy\" decoding=\"async\" width=\"300\" height=\"300\" src=\"https:\/\/profilplus.pl\/wp-content\/uploads\/2024\/11\/alumeco_group-300x300.jpg\" class=\"attachment-medium size-medium\" alt=\"\" srcset=\"https:\/\/profilplus.pl\/wp-content\/uploads\/2024\/11\/alumeco_group-300x300.jpg 300w, https:\/\/profilplus.pl\/wp-content\/uploads\/2024\/11\/alumeco_group-150x150.jpg 150w, https:\/\/profilplus.pl\/wp-content\/uploads\/2024\/11\/alumeco_group.jpg 400w\" sizes=\"auto, (max-width: 300px) 100vw, 300px\">\n\t\t\t\t\t<\/div>\n\t\t[\/vc_column_inner][vc_column_inner width=&#8220;1\/2&#8243; css=&#8220;.vc_custom_1628173643210{margin-top: 40px !important;margin-bottom: 40px !important;border-right-width: 1px !important;padding-top: 0px !important;border-right-color: #e6e6e6 !important;border-right-style: solid !important;}&#8220; offset=&#8220;vc_col-md-3&#8243; woodmart_css_id=&#8220;610bf546dc6e8&#8243; responsive_spacing=&#8220;eyJwYXJhbV90eXBlIjoid29vZG1hcnRfcmVzcG9uc2l2ZV9zcGFjaW5nIiwic2VsZWN0b3JfaWQiOiI2MTBiZjU0NmRjNmU4Iiwic2hvcnRjb2RlIjoidmNfY29sdW1uX2lubmVyIiwiZGF0YSI6eyJ0YWJsZXQiOnt9LCJtb2JpbGUiOnt9fX0=&#8220;]\t\t<div id=\"wd-673c4285ac4a8\" class=\"wd-image wd-wpb wd-rs-673c4285ac4a8 text-center \">\n\t\t\t\n\t\t\t<img loading=\"lazy\" decoding=\"async\" width=\"300\" height=\"300\" src=\"https:\/\/profilplus.pl\/wp-content\/uploads\/2024\/11\/anticor-300x300.jpg\" class=\"attachment-medium size-medium\" alt=\"\" srcset=\"https:\/\/profilplus.pl\/wp-content\/uploads\/2024\/11\/anticor-300x300.jpg 300w, https:\/\/profilplus.pl\/wp-content\/uploads\/2024\/11\/anticor-150x150.jpg 150w, https:\/\/profilplus.pl\/wp-content\/uploads\/2024\/11\/anticor.jpg 400w\" sizes=\"auto, (max-width: 300px) 100vw, 300px\">\n\t\t\t\t\t<\/div>\n\t\t[\/vc_column_inner][vc_column_inner width=&#8220;1\/2&#8243; css=&#8220;.vc_custom_1628173636986{margin-top: 40px !important;margin-bottom: 40px !important;border-right-width: 1px !important;padding-top: 0px !important;border-right-color: #e6e6e6 !important;border-right-style: solid !important;}&#8220; offset=&#8220;vc_col-md-3&#8243; woodmart_css_id=&#8220;610bf53e4b0d0&#8243; responsive_spacing=&#8220;eyJwYXJhbV90eXBlIjoid29vZG1hcnRfcmVzcG9uc2l2ZV9zcGFjaW5nIiwic2VsZWN0b3JfaWQiOiI2MTBiZjUzZTRiMGQwIiwic2hvcnRjb2RlIjoidmNfY29sdW1uX2lubmVyIiwiZGF0YSI6eyJ0YWJsZXQiOnt9LCJtb2JpbGUiOnt9fX0=&#8220;]\t\t<div id=\"wd-673c3f6d7feba\" class=\"wd-image wd-wpb wd-rs-673c3f6d7feba text-center \">\n\t\t\t\n\t\t\t<img loading=\"lazy\" decoding=\"async\" width=\"300\" height=\"300\" src=\"https:\/\/profilplus.pl\/wp-content\/uploads\/2024\/11\/Goebel-300x300.jpg\" class=\"attachment-medium size-medium\" alt=\"\" srcset=\"https:\/\/profilplus.pl\/wp-content\/uploads\/2024\/11\/Goebel-300x300.jpg 300w, https:\/\/profilplus.pl\/wp-content\/uploads\/2024\/11\/Goebel-150x150.jpg 150w, https:\/\/profilplus.pl\/wp-content\/uploads\/2024\/11\/Goebel.jpg 400w\" sizes=\"auto, (max-width: 300px) 100vw, 300px\">\n\t\t\t\t\t<\/div>\n\t\t[\/vc_column_inner][vc_column_inner width=&#8220;1\/2&#8243; css=&#8220;.vc_custom_1628173654330{margin-top: 40px !important;margin-bottom: 40px !important;padding-top: 0px !important;}&#8220; offset=&#8220;vc_col-md-3&#8243; woodmart_css_id=&#8220;610bf54d5fc63&#8243; responsive_spacing=&#8220;eyJwYXJhbV90eXBlIjoid29vZG1hcnRfcmVzcG9uc2l2ZV9zcGFjaW5nIiwic2VsZWN0b3JfaWQiOiI2MTBiZjU0ZDVmYzYzIiwic2hvcnRjb2RlIjoidmNfY29sdW1uX2lubmVyIiwiZGF0YSI6eyJ0YWJsZXQiOnt9LCJtb2JpbGUiOnt9fX0=&#8220;]\t\t<div id=\"wd-673c429c2d0d8\" class=\"wd-image wd-wpb wd-rs-673c429c2d0d8 text-center \">\n\t\t\t\n\t\t\t<img loading=\"lazy\" decoding=\"async\" width=\"300\" height=\"300\" src=\"https:\/\/profilplus.pl\/wp-content\/uploads\/2024\/11\/marcopol-logo-navy-1-300x300.jpg\" class=\"attachment-medium size-medium\" alt=\"\" srcset=\"https:\/\/profilplus.pl\/wp-content\/uploads\/2024\/11\/marcopol-logo-navy-1-300x300.jpg 300w, https:\/\/profilplus.pl\/wp-content\/uploads\/2024\/11\/marcopol-logo-navy-1-150x150.jpg 150w, https:\/\/profilplus.pl\/wp-content\/uploads\/2024\/11\/marcopol-logo-navy-1.jpg 400w\" sizes=\"auto, (max-width: 300px) 100vw, 300px\">\n\t\t\t\t\t<\/div>\n\t\t[\/vc_column_inner][\/vc_row_inner][vc_row_inner][vc_column_inner width=&#8220;1\/2&#8243; css=&#8220;.vc_custom_1628173620578{margin-top: 40px !important;margin-bottom: 40px !important;border-right-width: 1px !important;padding-top: 0px !important;border-right-color: #e6e6e6 !important;border-right-style: solid !important;border-radius: 1px !important;}&#8220; offset=&#8220;vc_col-md-3&#8243; woodmart_css_id=&#8220;610bf52ac1681&#8243; responsive_spacing=&#8220;eyJwYXJhbV90eXBlIjoid29vZG1hcnRfcmVzcG9uc2l2ZV9zcGFjaW5nIiwic2VsZWN0b3JfaWQiOiI2MTBiZjUyYWMxNjgxIiwic2hvcnRjb2RlIjoidmNfY29sdW1uX2lubmVyIiwiZGF0YSI6eyJ0YWJsZXQiOnt9LCJtb2JpbGUiOnt9fX0=&#8220;]\t\t<div id=\"wd-673c42a4b4853\" class=\"wd-image wd-wpb wd-rs-673c42a4b4853 text-center \">\n\t\t\t\n\t\t\t<img loading=\"lazy\" decoding=\"async\" width=\"300\" height=\"300\" src=\"https:\/\/profilplus.pl\/wp-content\/uploads\/2024\/11\/nova-trading-300x300.jpg\" class=\"attachment-medium size-medium\" alt=\"\" srcset=\"https:\/\/profilplus.pl\/wp-content\/uploads\/2024\/11\/nova-trading-300x300.jpg 300w, https:\/\/profilplus.pl\/wp-content\/uploads\/2024\/11\/nova-trading-150x150.jpg 150w, https:\/\/profilplus.pl\/wp-content\/uploads\/2024\/11\/nova-trading.jpg 400w\" sizes=\"auto, (max-width: 300px) 100vw, 300px\">\n\t\t\t\t\t<\/div>\n\t\t[\/vc_column_inner][vc_column_inner width=&#8220;1\/2&#8243; css=&#8220;.vc_custom_1628173643210{margin-top: 40px !important;margin-bottom: 40px !important;border-right-width: 1px !important;padding-top: 0px !important;border-right-color: #e6e6e6 !important;border-right-style: solid !important;}&#8220; offset=&#8220;vc_col-md-3&#8243; woodmart_css_id=&#8220;610bf546dc6e8&#8243; responsive_spacing=&#8220;eyJwYXJhbV90eXBlIjoid29vZG1hcnRfcmVzcG9uc2l2ZV9zcGFjaW5nIiwic2VsZWN0b3JfaWQiOiI2MTBiZjU0NmRjNmU4Iiwic2hvcnRjb2RlIjoidmNfY29sdW1uX2lubmVyIiwiZGF0YSI6eyJ0YWJsZXQiOnt9LCJtb2JpbGUiOnt9fX0=&#8220;]\t\t<div id=\"wd-673c42ac388c6\" class=\"wd-image wd-wpb wd-rs-673c42ac388c6 text-center \">\n\t\t\t\n\t\t\t<img loading=\"lazy\" decoding=\"async\" width=\"300\" height=\"300\" src=\"https:\/\/profilplus.pl\/wp-content\/uploads\/2024\/11\/termika-300x300.jpg\" class=\"attachment-medium size-medium\" alt=\"\" srcset=\"https:\/\/profilplus.pl\/wp-content\/uploads\/2024\/11\/termika-300x300.jpg 300w, https:\/\/profilplus.pl\/wp-content\/uploads\/2024\/11\/termika-150x150.jpg 150w, https:\/\/profilplus.pl\/wp-content\/uploads\/2024\/11\/termika.jpg 400w\" sizes=\"auto, (max-width: 300px) 100vw, 300px\">\n\t\t\t\t\t<\/div>\n\t\t[\/vc_column_inner][vc_column_inner width=&#8220;1\/2&#8243; css=&#8220;.vc_custom_1628173636986{margin-top: 40px !important;margin-bottom: 40px !important;border-right-width: 1px !important;padding-top: 0px !important;border-right-color: #e6e6e6 !important;border-right-style: solid !important;}&#8220; offset=&#8220;vc_col-md-3&#8243; woodmart_css_id=&#8220;610bf53e4b0d0&#8243; responsive_spacing=&#8220;eyJwYXJhbV90eXBlIjoid29vZG1hcnRfcmVzcG9uc2l2ZV9zcGFjaW5nIiwic2VsZWN0b3JfaWQiOiI2MTBiZjUzZTRiMGQwIiwic2hvcnRjb2RlIjoidmNfY29sdW1uX2lubmVyIiwiZGF0YSI6eyJ0YWJsZXQiOnt9LCJtb2JpbGUiOnt9fX0=&#8220;]\t\t<div id=\"wd-673c42af0cc82\" class=\"wd-image wd-wpb wd-rs-673c42af0cc82 text-center \">\n\t\t\t\n\t\t\t<img loading=\"lazy\" decoding=\"async\" width=\"300\" height=\"300\" src=\"https:\/\/profilplus.pl\/wp-content\/uploads\/2024\/11\/sig-materialy-budowlane-300x300.jpg\" class=\"attachment-medium size-medium\" alt=\"\" srcset=\"https:\/\/profilplus.pl\/wp-content\/uploads\/2024\/11\/sig-materialy-budowlane-300x300.jpg 300w, https:\/\/profilplus.pl\/wp-content\/uploads\/2024\/11\/sig-materialy-budowlane-150x150.jpg 150w, https:\/\/profilplus.pl\/wp-content\/uploads\/2024\/11\/sig-materialy-budowlane.jpg 400w\" sizes=\"auto, (max-width: 300px) 100vw, 300px\">\n\t\t\t\t\t<\/div>\n\t\t[\/vc_column_inner][vc_column_inner width=&#8220;1\/2&#8243; css=&#8220;.vc_custom_1628173654330{margin-top: 40px !important;margin-bottom: 40px !important;padding-top: 0px !important;}&#8220; offset=&#8220;vc_col-md-3&#8243; woodmart_css_id=&#8220;610bf54d5fc63&#8243; responsive_spacing=&#8220;eyJwYXJhbV90eXBlIjoid29vZG1hcnRfcmVzcG9uc2l2ZV9zcGFjaW5nIiwic2VsZWN0b3JfaWQiOiI2MTBiZjU0ZDVmYzYzIiwic2hvcnRjb2RlIjoidmNfY29sdW1uX2lubmVyIiwiZGF0YSI6eyJ0YWJsZXQiOnt9LCJtb2JpbGUiOnt9fX0=&#8220;][\/vc_column_inner][\/vc_row_inner][\/vc_column][\/vc_row]<\/p>\n<\/div>","protected":false},"excerpt":{"rendered":"<p>[vc_row full_width=&#8220;stretch_row&#8220; content_placement=&#8220;middle&#8220; woodmart_stretch_content=&#8220;section-stretch&#8220; css=&#8220;.vc_custom_1715852708879{margin-top: -40px !important;margin-bottom: 21px !important;border-bottom-width: 1px !important;padding-top: 80px !important;padding-bottom: 40px !important;background-color: #ffffff !important;border-bottom-style: solid !important;border-color: #e1e1e1<\/p>\n","protected":false},"author":1,"featured_media":0,"parent":0,"menu_order":0,"comment_status":"closed","ping_status":"closed","template":"","meta":{"footnotes":""},"class_list":["post-10105","page","type-page","status-publish","hentry"],"_links":{"self":[{"href":"https:\/\/profilplus.pl\/de\/wp-json\/wp\/v2\/pages\/10105","targetHints":{"allow":["GET"]}}],"collection":[{"href":"https:\/\/profilplus.pl\/de\/wp-json\/wp\/v2\/pages"}],"about":[{"href":"https:\/\/profilplus.pl\/de\/wp-json\/wp\/v2\/types\/page"}],"author":[{"embeddable":true,"href":"https:\/\/profilplus.pl\/de\/wp-json\/wp\/v2\/users\/1"}],"replies":[{"embeddable":true,"href":"https:\/\/profilplus.pl\/de\/wp-json\/wp\/v2\/comments?post=10105"}],"version-history":[{"count":2,"href":"https:\/\/profilplus.pl\/de\/wp-json\/wp\/v2\/pages\/10105\/revisions"}],"predecessor-version":[{"id":10113,"href":"https:\/\/profilplus.pl\/de\/wp-json\/wp\/v2\/pages\/10105\/revisions\/10113"}],"wp:attachment":[{"href":"https:\/\/profilplus.pl\/de\/wp-json\/wp\/v2\/media?parent=10105"}],"curies":[{"name":"wp","href":"https:\/\/api.w.org\/{rel}","templated":true}]}}