{"id":10096,"date":"2021-08-25T07:26:28","date_gmt":"2021-08-25T07:26:28","guid":{"rendered":"https:\/\/profilplus.pl\/rohrleitungsisolierung\/"},"modified":"2024-11-19T12:28:34","modified_gmt":"2024-11-19T12:28:34","slug":"rohrleitungsisolierung","status":"publish","type":"page","link":"https:\/\/profilplus.pl\/de\/rohrleitungsisolierung\/","title":{"rendered":"Rohrleitungsisolierung"},"content":{"rendered":"<div class=\"wpb-content-wrapper\"><p>[vc_row full_width=&#8220;stretch_row&#8220; content_placement=&#8220;middle&#8220; woodmart_stretch_content=&#8220;section-stretch&#8220; css=&#8220;.vc_custom_1715667980653{margin-top: -40px !important;margin-bottom: 45px !important;border-bottom-width: 1px !important;padding-top: 80px !important;padding-bottom: 40px !important;background-color: #ffffff !important;border-bottom-style: solid !important;border-color: #e1e1e1 !important;}&#8220; mobile_bg_img_hidden=&#8220;no&#8220; tablet_bg_img_hidden=&#8220;no&#8220; woodmart_parallax=&#8220;0&#8243; woodmart_gradient_switch=&#8220;no&#8220; row_reverse_mobile=&#8220;0&#8243; row_reverse_tablet=&#8220;0&#8243; woodmart_disable_overflow=&#8220;0&#8243; wd_z_index=&#8220;no&#8220; woodmart_css_id=&#8220;66430406abc11&#8243; responsive_spacing=&#8220;eyJwYXJhbV90eXBlIjoid29vZG1hcnRfcmVzcG9uc2l2ZV9zcGFjaW5nIiwic2VsZWN0b3JfaWQiOiI2NjQzMDQwNmFiYzExIiwic2hvcnRjb2RlIjoidmNfcm93IiwiZGF0YSI6eyJ0YWJsZXQiOnt9LCJtb2JpbGUiOnsibWFyZ2luLWJvdHRvbSI6IjYwcHgiLCJwYWRkaW5nLXRvcCI6IjYwcHgiLCJwYWRkaW5nLWJvdHRvbSI6IjIwcHgifX19&#8243; woodmart_box_shadow=&#8220;no&#8220;][vc_column css=&#8220;.vc_custom_1713334537592{margin-bottom: 40px !important;padding-top: 0px !important;}&#8220; mobile_bg_img_hidden=&#8220;no&#8220; tablet_bg_img_hidden=&#8220;no&#8220; woodmart_parallax=&#8220;0&#8243; woodmart_sticky_column=&#8220;false&#8220; parallax_scroll=&#8220;no&#8220; mobile_reset_margin=&#8220;no&#8220; tablet_reset_margin=&#8220;no&#8220; offset=&#8220;vc_col-lg-5 vc_col-md-5 vc_col-xs-12&#8243; wd_z_index=&#8220;no&#8220; woodmart_css_id=&#8220;661f68f6e8ec4&#8243; responsive_spacing=&#8220;eyJwYXJhbV90eXBlIjoid29vZG1hcnRfcmVzcG9uc2l2ZV9zcGFjaW5nIiwic2VsZWN0b3JfaWQiOiI2NjFmNjhmNmU4ZWM0Iiwic2hvcnRjb2RlIjoidmNfY29sdW1uIiwiZGF0YSI6eyJ0YWJsZXQiOnt9LCJtb2JpbGUiOnt9fX0=&#8220; wd_collapsible_content_switcher=&#8220;no&#8220; wd_column_role_offcanvas_desktop=&#8220;no&#8220; wd_column_role_offcanvas_tablet=&#8220;no&#8220; wd_column_role_offcanvas_mobile=&#8220;no&#8220; wd_column_role_content_desktop=&#8220;no&#8220; wd_column_role_content_tablet=&#8220;no&#8220; wd_column_role_content_mobile=&#8220;no&#8220; woodmart_box_shadow=&#8220;no&#8220;]\n\t\t<div id=\"wd-66459b71174f9\" class=\"title-wrapper wd-wpb wd-set-mb reset-last-child  wd-rs-66459b71174f9 wd-title-color-primary wd-title-style-default text-left vc_custom_1715837815636 wd-width-enabled wd-underline-colored\" style=\"--wd-max-width: 90%;\">\n\t\t\t\t\t\t\t\n\t\t\t\t<div class=\"title-subtitle  subtitle-color-primary font-default subtitle-style-default wd-font-weight-600 wd-fontsize-xs\">ROHRLEITUNGSISOLIERUNG<\/div>\n\t\t\t\n\t\t\t<div class=\"liner-continer\">\n\t\t\t\t<h1 class=\"woodmart-title-container title  wd-font-weight- wd-fontsize-xxl\" >WIR BIETEN THERMISCHE ISOLIERUNG F\u00dcR HEIZUNGS- UND INDUSTRIEROHRLEITUNGEN<\/h1>\n\t\t\t\t\t\t\t<\/div>\n\t\t\t\n\t\t\t\n\t\t\t\n\t\t<\/div>\n\t\t\n\t\t[\/vc_column][vc_column width=&#8220;1\/2&#8243; css=&#8220;.vc_custom_1629876984854{margin-bottom: 40px !important;padding-top: 0px !important;}&#8220; mobile_bg_img_hidden=&#8220;no&#8220; tablet_bg_img_hidden=&#8220;no&#8220; woodmart_parallax=&#8220;0&#8243; woodmart_sticky_column=&#8220;false&#8220; parallax_scroll=&#8220;no&#8220; mobile_reset_margin=&#8220;no&#8220; tablet_reset_margin=&#8220;no&#8220; offset=&#8220;vc_col-lg-offset-1 vc_col-lg-3 vc_col-md-4&#8243; wd_z_index=&#8220;no&#8220; woodmart_css_id=&#8220;6125f2f5a2779&#8243; responsive_spacing=&#8220;eyJwYXJhbV90eXBlIjoid29vZG1hcnRfcmVzcG9uc2l2ZV9zcGFjaW5nIiwic2VsZWN0b3JfaWQiOiI2MTI1ZjJmNWEyNzc5Iiwic2hvcnRjb2RlIjoidmNfY29sdW1uIiwiZGF0YSI6eyJ0YWJsZXQiOnt9LCJtb2JpbGUiOnt9fX0=&#8220;]\t\t\t<div class=\"info-box-wrapper\">\n\t\t\t\t<div id=\"wd-66430bca07d53\" class=\" wd-rs-66430bca07d53 wd-info-box wd-wpb text-left box-icon-align-left box-style- color-scheme- wd-bg-none wd-items-top vc_custom_1715669982837\">\n\t\t\t\t\t\t\t\t\t\t<div class=\"info-box-content\">\n\t\t\t\t\t\t\t\t\t\t\t\t<div class=\"info-box-inner reset-last-child\"><p>Kontaktieren Sie uns, um mehr \u00fcber unser Angebot zu erfahren und die Sicherheit und Effizienz Ihrer Industrieanlage zu verbessern.<\/p>\n<\/div>\n\n\t\t\t\t\t\t\t\t\t\t\t<\/div>\n\n\t\t\t\t\t\t\t\t\t\t\t<a class=\"wd-info-box-link wd-fill\" aria-label=\"Infobox link\" href=\"#\" title=\"\"><\/a>\n\t\t\t\t\t\n\t\t\t\t\t\t\t\t\t<\/div>\n\t\t\t<\/div>\n\t\t[\/vc_column][\/vc_row][vc_row mobile_bg_img_hidden=&#8220;no&#8220; tablet_bg_img_hidden=&#8220;no&#8220; woodmart_parallax=&#8220;0&#8243; woodmart_gradient_switch=&#8220;no&#8220; row_reverse_mobile=&#8220;1&#8243; row_reverse_tablet=&#8220;1&#8243; woodmart_disable_overflow=&#8220;0&#8243; wd_z_index=&#8220;no&#8220; woodmart_css_id=&#8220;66445313934d0&#8243; responsive_spacing=&#8220;eyJwYXJhbV90eXBlIjoid29vZG1hcnRfcmVzcG9uc2l2ZV9zcGFjaW5nIiwic2VsZWN0b3JfaWQiOiI2NjQ0NTMxMzkzNGQwIiwic2hvcnRjb2RlIjoidmNfcm93IiwiZGF0YSI6eyJ0YWJsZXQiOnt9LCJtb2JpbGUiOnsibWFyZ2luLWJvdHRvbSI6IjIwcHgifX19&#8243; woodmart_box_shadow=&#8220;no&#8220;][vc_column css=&#8220;.vc_custom_1629877010833{margin-bottom: 40px !important;padding-top: 0px !important;}&#8220; mobile_bg_img_hidden=&#8220;no&#8220; tablet_bg_img_hidden=&#8220;no&#8220; woodmart_parallax=&#8220;0&#8243; woodmart_sticky_column=&#8220;false&#8220; parallax_scroll=&#8220;no&#8220; mobile_reset_margin=&#8220;no&#8220; tablet_reset_margin=&#8220;no&#8220; offset=&#8220;vc_col-lg-6 vc_col-md-6&#8243; wd_z_index=&#8220;no&#8220; woodmart_css_id=&#8220;6125f30edad72&#8243; responsive_spacing=&#8220;eyJwYXJhbV90eXBlIjoid29vZG1hcnRfcmVzcG9uc2l2ZV9zcGFjaW5nIiwic2VsZWN0b3JfaWQiOiI2MTI1ZjMwZWRhZDcyIiwic2hvcnRjb2RlIjoidmNfY29sdW1uIiwiZGF0YSI6eyJ0YWJsZXQiOnt9LCJtb2JpbGUiOnt9fX0=&#8220;]\t\t<div id=\"wd-66430c1173095\" class=\"wd-image wd-wpb wd-rs-66430c1173095 text-left vc_custom_1715670065326\">\n\t\t\t\n\t\t\t<img loading=\"lazy\" decoding=\"async\" width=\"500\" height=\"300\" src=\"https:\/\/profilplus.pl\/wp-content\/uploads\/2024\/05\/izolacje-termiczne-rurociagow-3.jpg\" class=\"attachment-full size-full\" alt=\"\" srcset=\"https:\/\/profilplus.pl\/wp-content\/uploads\/2024\/05\/izolacje-termiczne-rurociagow-3.jpg 500w, https:\/\/profilplus.pl\/wp-content\/uploads\/2024\/05\/izolacje-termiczne-rurociagow-3-400x240.jpg 400w\" sizes=\"auto, (max-width: 500px) 100vw, 500px\">\n\t\t\t\t\t<\/div>\n\t\t[vc_empty_space height=&#8220;21px&#8220; woodmart_hide_large=&#8220;0&#8243; woodmart_hide_medium=&#8220;0&#8243; woodmart_hide_small=&#8220;0&#8243;]\t\t<div id=\"wd-66430c3385e5f\" class=\"wd-image wd-wpb wd-rs-66430c3385e5f text-left vc_custom_1715670083773\">\n\t\t\t\n\t\t\t<img loading=\"lazy\" decoding=\"async\" width=\"500\" height=\"300\" src=\"https:\/\/profilplus.pl\/wp-content\/uploads\/2024\/05\/izolacje_termiczne_rurociagow.jpg\" class=\"attachment-full size-full\" alt=\"\" srcset=\"https:\/\/profilplus.pl\/wp-content\/uploads\/2024\/05\/izolacje_termiczne_rurociagow.jpg 500w, https:\/\/profilplus.pl\/wp-content\/uploads\/2024\/05\/izolacje_termiczne_rurociagow-400x240.jpg 400w\" sizes=\"auto, (max-width: 500px) 100vw, 500px\">\n\t\t\t\t\t<\/div>\n\t\t[\/vc_column][vc_column css=&#8220;.vc_custom_1715669884257{margin-bottom: 40px !important;padding-top: 0px !important;}&#8220; mobile_bg_img_hidden=&#8220;no&#8220; tablet_bg_img_hidden=&#8220;no&#8220; woodmart_parallax=&#8220;0&#8243; woodmart_sticky_column=&#8220;false&#8220; parallax_scroll=&#8220;no&#8220; mobile_reset_margin=&#8220;no&#8220; tablet_reset_margin=&#8220;no&#8220; offset=&#8220;vc_col-lg-offset-1 vc_col-lg-5 vc_col-md-6 vc_col-xs-12&#8243; wd_z_index=&#8220;no&#8220; woodmart_css_id=&#8220;66430b77c4de5&#8243; responsive_spacing=&#8220;eyJwYXJhbV90eXBlIjoid29vZG1hcnRfcmVzcG9uc2l2ZV9zcGFjaW5nIiwic2VsZWN0b3JfaWQiOiI2NjQzMGI3N2M0ZGU1Iiwic2hvcnRjb2RlIjoidmNfY29sdW1uIiwiZGF0YSI6eyJ0YWJsZXQiOnt9LCJtb2JpbGUiOnsicGFkZGluZy10b3AiOiIwcHgifX19&#8243; wd_collapsible_content_switcher=&#8220;no&#8220; wd_column_role_offcanvas_desktop=&#8220;no&#8220; wd_column_role_offcanvas_tablet=&#8220;no&#8220; wd_column_role_offcanvas_mobile=&#8220;no&#8220; wd_column_role_content_desktop=&#8220;no&#8220; wd_column_role_content_tablet=&#8220;no&#8220; wd_column_role_content_mobile=&#8220;no&#8220; woodmart_box_shadow=&#8220;no&#8220;]\n\t\t<div id=\"wd-6643033b55a1f\" class=\"title-wrapper wd-wpb wd-set-mb reset-last-child  wd-rs-6643033b55a1f wd-title-color-primary wd-title-style-default text-left vc_custom_1715667837273 wd-underline-colored\">\n\t\t\t\t\t\t\t\n\t\t\t\t<div class=\"title-subtitle  subtitle-color-primary font-default subtitle-style-default wd-font-weight-600 wd-fontsize-xs\">PROFESSIONELLE L\u00d6SUNGEN F\u00dcR IHRE INDUSTRIE<\/div>\n\t\t\t\n\t\t\t<div class=\"liner-continer\">\n\t\t\t\t<h2 class=\"woodmart-title-container title  wd-font-weight- wd-fontsize-xxl\" >INDUSTRIELLE ROHRLEITUNGSISOLIERUNG<\/h2>\n\t\t\t\t\t\t\t<\/div>\n\t\t\t\n\t\t\t\n\t\t\t\n\t\t<\/div>\n\t\t\n\t\t\t\t<div id=\"wd-66e7df8b251f5\" class=\"wd-text-block wd-wpb reset-last-child wd-rs-66e7df8b251f5 text-left wd-width-enabled wd-fontsize-s vc_custom_1726472077145\" style=\"--wd-max-width: 90%;\">\n\t\t\t<p><em>Rohrleitungen in Industrieanlagen spielen eine entscheidende Rolle, und ihr angemessener Schutz ist unerl\u00e4sslich, um die Kontinuit\u00e4t und Effizienz des Betriebs sicherzustellen.<\/em><\/p>\n\t\t<\/div>\n\t\t\t\t<div id=\"wd-6642fe2fcf7ef\" class=\"wd-text-block wd-wpb reset-last-child wd-rs-6642fe2fcf7ef text-left wd-fontsize-custom vc_custom_1715666494222\">\n\t\t\t<p>In vielen industriellen Prozessen, wie z. B. in chemischen, petrochemischen und Energieanlagen, sind Rohrleitungen von grundlegender Bedeutung, da sie wichtige Komponenten wie Apparate, Kolonnen, Tanks, Kessel, Turbinen usw. verbinden und den Transport von Materialien und Energie erm\u00f6glichen. Um den reibungslosen Ablauf der technologischen Prozesse sicherzustellen, muss der Zustand der Medien in den Rohrleitungen innerhalb bestimmter Grenzwerte gehalten werden (z. B. in einem bestimmten Temperatur-, Viskosit\u00e4ts- und Druckbereich). Neben der korrekten Isometrie der Rohrleitungen und einer ordnungsgem\u00e4\u00dfen Montage ist die Isolierung der Anlage ein entscheidender Faktor. Sie muss eine kontinuierliche Reduzierung des W\u00e4rmeverlusts, einen wirtschaftlichen Betrieb und die Funktionalit\u00e4t der Anlage gew\u00e4hrleisten. Nur so kann ein wirtschaftlicher und st\u00f6rungsfreier Prozessablauf w\u00e4hrend der geplanten Lebensdauer der Ger\u00e4te erreicht werden.<\/p>\n<p>Das Team von Profil Plus verf\u00fcgt \u00fcber das notwendige Wissen und die Erfahrung, um Isolierungsl\u00f6sungen sowohl f\u00fcr die Industrie- als auch f\u00fcr die Energiesektoren fachgerecht auszuw\u00e4hlen und umzusetzen.<\/p>\n\t\t<\/div>\n\t\t[vc_separator color=&#8220;custom&#8220; css=&#8220;.vc_custom_1615616514122{margin-bottom: 20px !important;padding-top: 10px !important;}&#8220; accent_color=&#8220;rgba(10,10,10,0.12)&#8220;][\/vc_column][\/vc_row]<\/p>\n<\/div>","protected":false},"excerpt":{"rendered":"<p>[vc_row full_width=&#8220;stretch_row&#8220; content_placement=&#8220;middle&#8220; woodmart_stretch_content=&#8220;section-stretch&#8220; css=&#8220;.vc_custom_1715667980653{margin-top: -40px !important;margin-bottom: 45px !important;border-bottom-width: 1px !important;padding-top: 80px !important;padding-bottom: 40px !important;background-color: #ffffff !important;border-bottom-style: solid !important;border-color: #e1e1e1<\/p>\n","protected":false},"author":1,"featured_media":0,"parent":0,"menu_order":0,"comment_status":"closed","ping_status":"closed","template":"","meta":{"footnotes":""},"class_list":["post-10096","page","type-page","status-publish","hentry"],"_links":{"self":[{"href":"https:\/\/profilplus.pl\/de\/wp-json\/wp\/v2\/pages\/10096","targetHints":{"allow":["GET"]}}],"collection":[{"href":"https:\/\/profilplus.pl\/de\/wp-json\/wp\/v2\/pages"}],"about":[{"href":"https:\/\/profilplus.pl\/de\/wp-json\/wp\/v2\/types\/page"}],"author":[{"embeddable":true,"href":"https:\/\/profilplus.pl\/de\/wp-json\/wp\/v2\/users\/1"}],"replies":[{"embeddable":true,"href":"https:\/\/profilplus.pl\/de\/wp-json\/wp\/v2\/comments?post=10096"}],"version-history":[{"count":2,"href":"https:\/\/profilplus.pl\/de\/wp-json\/wp\/v2\/pages\/10096\/revisions"}],"predecessor-version":[{"id":10098,"href":"https:\/\/profilplus.pl\/de\/wp-json\/wp\/v2\/pages\/10096\/revisions\/10098"}],"wp:attachment":[{"href":"https:\/\/profilplus.pl\/de\/wp-json\/wp\/v2\/media?parent=10096"}],"curies":[{"name":"wp","href":"https:\/\/api.w.org\/{rel}","templated":true}]}}