{"id":10093,"date":"2024-05-15T07:16:18","date_gmt":"2024-05-15T07:16:18","guid":{"rendered":"https:\/\/profilplus.pl\/waermedaemmung-fuer-geraete\/"},"modified":"2024-11-19T12:30:30","modified_gmt":"2024-11-19T12:30:30","slug":"waermedaemmung-fuer-geraete","status":"publish","type":"page","link":"https:\/\/profilplus.pl\/de\/waermedaemmung-fuer-geraete\/","title":{"rendered":"W\u00e4rmed\u00e4mmung f\u00fcr Ger\u00e4te"},"content":{"rendered":"<div class=\"wpb-content-wrapper\"><p>[vc_row full_width=&#8220;stretch_row&#8220; content_placement=&#8220;middle&#8220; woodmart_stretch_content=&#8220;section-stretch&#8220; css=&#8220;.vc_custom_1715667980653{margin-top: -40px !important;margin-bottom: 45px !important;border-bottom-width: 1px !important;padding-top: 80px !important;padding-bottom: 40px !important;background-color: #ffffff !important;border-bottom-style: solid !important;border-color: #e1e1e1 !important;}&#8220; mobile_bg_img_hidden=&#8220;no&#8220; tablet_bg_img_hidden=&#8220;no&#8220; woodmart_parallax=&#8220;0&#8243; woodmart_gradient_switch=&#8220;no&#8220; row_reverse_mobile=&#8220;0&#8243; row_reverse_tablet=&#8220;0&#8243; woodmart_disable_overflow=&#8220;0&#8243; wd_z_index=&#8220;no&#8220; woodmart_css_id=&#8220;66430406abc11&#8243; responsive_spacing=&#8220;eyJwYXJhbV90eXBlIjoid29vZG1hcnRfcmVzcG9uc2l2ZV9zcGFjaW5nIiwic2VsZWN0b3JfaWQiOiI2NjQzMDQwNmFiYzExIiwic2hvcnRjb2RlIjoidmNfcm93IiwiZGF0YSI6eyJ0YWJsZXQiOnt9LCJtb2JpbGUiOnsibWFyZ2luLWJvdHRvbSI6IjYwcHgiLCJwYWRkaW5nLXRvcCI6IjYwcHgiLCJwYWRkaW5nLWJvdHRvbSI6IjIwcHgifX19&#8243; woodmart_box_shadow=&#8220;no&#8220;][vc_column css=&#8220;.vc_custom_1713334537592{margin-bottom: 40px !important;padding-top: 0px !important;}&#8220; mobile_bg_img_hidden=&#8220;no&#8220; tablet_bg_img_hidden=&#8220;no&#8220; woodmart_parallax=&#8220;0&#8243; woodmart_sticky_column=&#8220;false&#8220; parallax_scroll=&#8220;no&#8220; mobile_reset_margin=&#8220;no&#8220; tablet_reset_margin=&#8220;no&#8220; offset=&#8220;vc_col-lg-5 vc_col-md-5 vc_col-xs-12&#8243; wd_z_index=&#8220;no&#8220; woodmart_css_id=&#8220;661f68f6e8ec4&#8243; responsive_spacing=&#8220;eyJwYXJhbV90eXBlIjoid29vZG1hcnRfcmVzcG9uc2l2ZV9zcGFjaW5nIiwic2VsZWN0b3JfaWQiOiI2NjFmNjhmNmU4ZWM0Iiwic2hvcnRjb2RlIjoidmNfY29sdW1uIiwiZGF0YSI6eyJ0YWJsZXQiOnt9LCJtb2JpbGUiOnt9fX0=&#8220; wd_collapsible_content_switcher=&#8220;no&#8220; wd_column_role_offcanvas_desktop=&#8220;no&#8220; wd_column_role_offcanvas_tablet=&#8220;no&#8220; wd_column_role_offcanvas_mobile=&#8220;no&#8220; wd_column_role_content_desktop=&#8220;no&#8220; wd_column_role_content_tablet=&#8220;no&#8220; wd_column_role_content_mobile=&#8220;no&#8220; woodmart_box_shadow=&#8220;no&#8220;]\n\t\t<div id=\"wd-66459b7d1c8db\" class=\"title-wrapper wd-wpb wd-set-mb reset-last-child  wd-rs-66459b7d1c8db wd-title-color-primary wd-title-style-default text-left vc_custom_1715837827505 wd-width-enabled wd-underline-colored\" style=\"--wd-max-width: 90%;\">\n\t\t\t\t\t\t\t\n\t\t\t\t<div class=\"title-subtitle  subtitle-color-primary font-default subtitle-style-default wd-font-weight-600 wd-fontsize-xs\">W\u00c4RMED\u00c4MMUNG F\u00dcR GER\u00c4TE<\/div>\n\t\t\t\n\t\t\t<div class=\"liner-continer\">\n\t\t\t\t<h1 class=\"woodmart-title-container title  wd-font-weight- wd-fontsize-xxl\" >WIR BIETEN W\u00c4RMED\u00c4MMUNG F\u00dcR INDUSTRIEGER\u00c4TE UND NETZWERKKOMPONENTEN<\/h1>\n\t\t\t\t\t\t\t<\/div>\n\t\t\t\n\t\t\t\n\t\t\t\n\t\t<\/div>\n\t\t\n\t\t[\/vc_column][vc_column width=&#8220;1\/2&#8243; css=&#8220;.vc_custom_1629876984854{margin-bottom: 40px !important;padding-top: 0px !important;}&#8220; mobile_bg_img_hidden=&#8220;no&#8220; tablet_bg_img_hidden=&#8220;no&#8220; woodmart_parallax=&#8220;0&#8243; woodmart_sticky_column=&#8220;false&#8220; parallax_scroll=&#8220;no&#8220; mobile_reset_margin=&#8220;no&#8220; tablet_reset_margin=&#8220;no&#8220; offset=&#8220;vc_col-lg-offset-1 vc_col-lg-3 vc_col-md-4&#8243; wd_z_index=&#8220;no&#8220; woodmart_css_id=&#8220;6125f2f5a2779&#8243; responsive_spacing=&#8220;eyJwYXJhbV90eXBlIjoid29vZG1hcnRfcmVzcG9uc2l2ZV9zcGFjaW5nIiwic2VsZWN0b3JfaWQiOiI2MTI1ZjJmNWEyNzc5Iiwic2hvcnRjb2RlIjoidmNfY29sdW1uIiwiZGF0YSI6eyJ0YWJsZXQiOnt9LCJtb2JpbGUiOnt9fX0=&#8220;]\t\t\t<div class=\"info-box-wrapper\">\n\t\t\t\t<div id=\"wd-66445f4d848c1\" class=\" wd-rs-66445f4d848c1 wd-info-box wd-wpb text-left box-icon-align-left box-style- color-scheme- wd-bg-none wd-items-top vc_custom_1715756894095\">\n\t\t\t\t\t\t\t\t\t\t<div class=\"info-box-content\">\n\t\t\t\t\t\t\t\t\t\t\t\t<div class=\"info-box-inner reset-last-child\"><p>M\u00f6chten Sie die Energieeffizienz Ihrer Ger\u00e4te optimieren? Kontaktieren Sie Profil Plus, um mehr \u00fcber unsere umfassenden W\u00e4rmed\u00e4mmungsl\u00f6sungen zu erfahren.<\/p>\n<\/div>\n\n\t\t\t\t\t\t\t\t\t\t\t<\/div>\n\n\t\t\t\t\t\t\t\t\t\t\t<a class=\"wd-info-box-link wd-fill\" aria-label=\"Infobox link\" href=\"#\" title=\"\"><\/a>\n\t\t\t\t\t\n\t\t\t\t\t\t\t\t\t<\/div>\n\t\t\t<\/div>\n\t\t[\/vc_column][\/vc_row][vc_row mobile_bg_img_hidden=&#8220;no&#8220; tablet_bg_img_hidden=&#8220;no&#8220; woodmart_parallax=&#8220;0&#8243; woodmart_gradient_switch=&#8220;no&#8220; row_reverse_mobile=&#8220;1&#8243; row_reverse_tablet=&#8220;1&#8243; woodmart_disable_overflow=&#8220;0&#8243; wd_z_index=&#8220;no&#8220; woodmart_css_id=&#8220;664452e81f719&#8243; responsive_spacing=&#8220;eyJwYXJhbV90eXBlIjoid29vZG1hcnRfcmVzcG9uc2l2ZV9zcGFjaW5nIiwic2VsZWN0b3JfaWQiOiI2NjQ0NTJlODFmNzE5Iiwic2hvcnRjb2RlIjoidmNfcm93IiwiZGF0YSI6eyJ0YWJsZXQiOnt9LCJtb2JpbGUiOnsibWFyZ2luLWJvdHRvbSI6IjIwcHgifX19&#8243; woodmart_box_shadow=&#8220;no&#8220;][vc_column css=&#8220;.vc_custom_1629877010833{margin-bottom: 40px !important;padding-top: 0px !important;}&#8220; mobile_bg_img_hidden=&#8220;no&#8220; tablet_bg_img_hidden=&#8220;no&#8220; woodmart_parallax=&#8220;0&#8243; woodmart_sticky_column=&#8220;false&#8220; parallax_scroll=&#8220;no&#8220; mobile_reset_margin=&#8220;no&#8220; tablet_reset_margin=&#8220;no&#8220; offset=&#8220;vc_col-lg-6 vc_col-md-6&#8243; wd_z_index=&#8220;no&#8220; woodmart_css_id=&#8220;6125f30edad72&#8243; responsive_spacing=&#8220;eyJwYXJhbV90eXBlIjoid29vZG1hcnRfcmVzcG9uc2l2ZV9zcGFjaW5nIiwic2VsZWN0b3JfaWQiOiI2MTI1ZjMwZWRhZDcyIiwic2hvcnRjb2RlIjoidmNfY29sdW1uIiwiZGF0YSI6eyJ0YWJsZXQiOnt9LCJtb2JpbGUiOnt9fX0=&#8220;]\t\t<div id=\"wd-66445feb5f1cc\" class=\"wd-image wd-wpb wd-rs-66445feb5f1cc text-left vc_custom_1715757363381\">\n\t\t\t\n\t\t\t<img loading=\"lazy\" decoding=\"async\" width=\"500\" height=\"300\" src=\"https:\/\/profilplus.pl\/wp-content\/uploads\/2024\/05\/izolacje_termiczne_urzadzen.png\" class=\"attachment-full size-full\" alt=\"\" srcset=\"https:\/\/profilplus.pl\/wp-content\/uploads\/2024\/05\/izolacje_termiczne_urzadzen.png 500w, https:\/\/profilplus.pl\/wp-content\/uploads\/2024\/05\/izolacje_termiczne_urzadzen-400x240.png 400w\" sizes=\"auto, (max-width: 500px) 100vw, 500px\">\n\t\t\t\t\t<\/div>\n\t\t[vc_empty_space height=&#8220;21px&#8220; woodmart_hide_large=&#8220;0&#8243; woodmart_hide_medium=&#8220;0&#8243; woodmart_hide_small=&#8220;0&#8243;]\t\t<div id=\"wd-66446134b3283\" class=\"wd-image wd-wpb wd-rs-66446134b3283 text-left vc_custom_1715757374390\">\n\t\t\t\n\t\t\t<img loading=\"lazy\" decoding=\"async\" width=\"500\" height=\"300\" src=\"https:\/\/profilplus.pl\/wp-content\/uploads\/2024\/05\/termiczne_izolacje_urzadzen.png\" class=\"attachment-full size-full\" alt=\"\" srcset=\"https:\/\/profilplus.pl\/wp-content\/uploads\/2024\/05\/termiczne_izolacje_urzadzen.png 500w, https:\/\/profilplus.pl\/wp-content\/uploads\/2024\/05\/termiczne_izolacje_urzadzen-400x240.png 400w\" sizes=\"auto, (max-width: 500px) 100vw, 500px\">\n\t\t\t\t\t<\/div>\n\t\t[\/vc_column][vc_column css=&#8220;.vc_custom_1715669884257{margin-bottom: 40px !important;padding-top: 0px !important;}&#8220; mobile_bg_img_hidden=&#8220;no&#8220; tablet_bg_img_hidden=&#8220;no&#8220; woodmart_parallax=&#8220;0&#8243; woodmart_sticky_column=&#8220;false&#8220; parallax_scroll=&#8220;no&#8220; mobile_reset_margin=&#8220;no&#8220; tablet_reset_margin=&#8220;no&#8220; offset=&#8220;vc_col-lg-offset-1 vc_col-lg-5 vc_col-md-6 vc_col-xs-12&#8243; wd_z_index=&#8220;no&#8220; woodmart_css_id=&#8220;66430b77c4de5&#8243; responsive_spacing=&#8220;eyJwYXJhbV90eXBlIjoid29vZG1hcnRfcmVzcG9uc2l2ZV9zcGFjaW5nIiwic2VsZWN0b3JfaWQiOiI2NjQzMGI3N2M0ZGU1Iiwic2hvcnRjb2RlIjoidmNfY29sdW1uIiwiZGF0YSI6eyJ0YWJsZXQiOnt9LCJtb2JpbGUiOnsicGFkZGluZy10b3AiOiIwcHgifX19&#8243; wd_collapsible_content_switcher=&#8220;no&#8220; wd_column_role_offcanvas_desktop=&#8220;no&#8220; wd_column_role_offcanvas_tablet=&#8220;no&#8220; wd_column_role_offcanvas_mobile=&#8220;no&#8220; wd_column_role_content_desktop=&#8220;no&#8220; wd_column_role_content_tablet=&#8220;no&#8220; wd_column_role_content_mobile=&#8220;no&#8220; woodmart_box_shadow=&#8220;no&#8220;]\n\t\t<div id=\"wd-66445f6137c4b\" class=\"title-wrapper wd-wpb wd-set-mb reset-last-child  wd-rs-66445f6137c4b wd-title-color-primary wd-title-style-default text-left vc_custom_1715756936765 wd-underline-colored\">\n\t\t\t\t\t\t\t\n\t\t\t\t<div class=\"title-subtitle  subtitle-color-primary font-default subtitle-style-default wd-font-weight-600 wd-fontsize-xs\">NIEDRIGERE KOSTEN, BESSERE EFFIZIENZ<\/div>\n\t\t\t\n\t\t\t<div class=\"liner-continer\">\n\t\t\t\t<h2 class=\"woodmart-title-container title  wd-font-weight- wd-fontsize-xxl\" >W\u00c4RMED\u00c4MMUNG F\u00dcR GER\u00c4TE<\/h2>\n\t\t\t\t\t\t\t<\/div>\n\t\t\t\n\t\t\t\n\t\t\t\n\t\t<\/div>\n\t\t\n\t\t\t\t<div id=\"wd-66e7df7b85d3d\" class=\"wd-text-block wd-wpb reset-last-child wd-rs-66e7df7b85d3d text-left wd-width-enabled wd-fontsize-s vc_custom_1726472066100\" style=\"--wd-max-width: 90%;\">\n\t\t\t<p><em>Die W\u00e4rmed\u00e4mmung f\u00fcr Ger\u00e4te ist entscheidend, um die Energieeffizienz zu verbessern und die Betriebskosten zu senken. Eine ordnungsgem\u00e4\u00dfe Isolierung minimiert W\u00e4rmeverluste, was zu einer besseren Leistung und einem geringeren Energieverbrauch f\u00fchrt.<\/em><\/p>\n\t\t<\/div>\n\t\t\t\t<div id=\"wd-66445fa60d9a2\" class=\"wd-text-block wd-wpb reset-last-child wd-rs-66445fa60d9a2 text-left wd-fontsize-custom vc_custom_1715757015544\">\n\t\t\t<p>W\u00e4rmed\u00e4mmung ist in vielen Industriezweigen wie Energie, Chemie, Pharmazie und Lebensmittelverarbeitung unerl\u00e4sslich. Sie sch\u00fctzt Ger\u00e4te vor W\u00e4rmeverlust, was zu gr\u00f6\u00dferer Effizienz und geringerem Energieverbrauch f\u00fchrt. Unsere Dienstleistungen umfassen umfassende Beratung, Planung und Installation von W\u00e4rmed\u00e4mmungen, die auf die spezifischen Bed\u00fcrfnisse jeder Installation abgestimmt sind.<\/p>\n<p>Bei Profil Plus gehen wir jedes Projekt individuell an, analysieren die spezifischen Anforderungen und Arbeitsbedingungen der Ger\u00e4te und w\u00e4hlen die besten D\u00e4mmmaterialien aus, um langfristigen Schutz und optimale Systemleistung zu gew\u00e4hrleisten.<\/p>\n\t\t<\/div>\n\t\t[vc_separator color=&#8220;custom&#8220; css=&#8220;.vc_custom_1615616514122{margin-bottom: 20px !important;padding-top: 10px !important;}&#8220; accent_color=&#8220;rgba(10,10,10,0.12)&#8220;][\/vc_column][\/vc_row]<\/p>\n<\/div>","protected":false},"excerpt":{"rendered":"<p>[vc_row full_width=&#8220;stretch_row&#8220; content_placement=&#8220;middle&#8220; woodmart_stretch_content=&#8220;section-stretch&#8220; css=&#8220;.vc_custom_1715667980653{margin-top: -40px !important;margin-bottom: 45px !important;border-bottom-width: 1px !important;padding-top: 80px !important;padding-bottom: 40px !important;background-color: #ffffff !important;border-bottom-style: solid !important;border-color: #e1e1e1<\/p>\n","protected":false},"author":1,"featured_media":0,"parent":0,"menu_order":0,"comment_status":"closed","ping_status":"closed","template":"","meta":{"footnotes":""},"class_list":["post-10093","page","type-page","status-publish","hentry"],"_links":{"self":[{"href":"https:\/\/profilplus.pl\/de\/wp-json\/wp\/v2\/pages\/10093","targetHints":{"allow":["GET"]}}],"collection":[{"href":"https:\/\/profilplus.pl\/de\/wp-json\/wp\/v2\/pages"}],"about":[{"href":"https:\/\/profilplus.pl\/de\/wp-json\/wp\/v2\/types\/page"}],"author":[{"embeddable":true,"href":"https:\/\/profilplus.pl\/de\/wp-json\/wp\/v2\/users\/1"}],"replies":[{"embeddable":true,"href":"https:\/\/profilplus.pl\/de\/wp-json\/wp\/v2\/comments?post=10093"}],"version-history":[{"count":2,"href":"https:\/\/profilplus.pl\/de\/wp-json\/wp\/v2\/pages\/10093\/revisions"}],"predecessor-version":[{"id":10095,"href":"https:\/\/profilplus.pl\/de\/wp-json\/wp\/v2\/pages\/10093\/revisions\/10095"}],"wp:attachment":[{"href":"https:\/\/profilplus.pl\/de\/wp-json\/wp\/v2\/media?parent=10093"}],"curies":[{"name":"wp","href":"https:\/\/api.w.org\/{rel}","templated":true}]}}