{"id":10087,"date":"2024-05-15T06:29:32","date_gmt":"2024-05-15T06:29:32","guid":{"rendered":"https:\/\/profilplus.pl\/kaeltedaemmung\/"},"modified":"2024-11-19T12:29:56","modified_gmt":"2024-11-19T12:29:56","slug":"kaeltedaemmung","status":"publish","type":"page","link":"https:\/\/profilplus.pl\/de\/kaeltedaemmung\/","title":{"rendered":"K\u00e4lted\u00e4mmung"},"content":{"rendered":"<div class=\"wpb-content-wrapper\"><p>[vc_row full_width=&#8220;stretch_row&#8220; content_placement=&#8220;middle&#8220; woodmart_stretch_content=&#8220;section-stretch&#8220; css=&#8220;.vc_custom_1715667980653{margin-top: -40px !important;margin-bottom: 45px !important;border-bottom-width: 1px !important;padding-top: 80px !important;padding-bottom: 40px !important;background-color: #ffffff !important;border-bottom-style: solid !important;border-color: #e1e1e1 !important;}&#8220; mobile_bg_img_hidden=&#8220;no&#8220; tablet_bg_img_hidden=&#8220;no&#8220; woodmart_parallax=&#8220;0&#8243; woodmart_gradient_switch=&#8220;no&#8220; row_reverse_mobile=&#8220;0&#8243; row_reverse_tablet=&#8220;0&#8243; woodmart_disable_overflow=&#8220;0&#8243; wd_z_index=&#8220;no&#8220; woodmart_css_id=&#8220;66430406abc11&#8243; responsive_spacing=&#8220;eyJwYXJhbV90eXBlIjoid29vZG1hcnRfcmVzcG9uc2l2ZV9zcGFjaW5nIiwic2VsZWN0b3JfaWQiOiI2NjQzMDQwNmFiYzExIiwic2hvcnRjb2RlIjoidmNfcm93IiwiZGF0YSI6eyJ0YWJsZXQiOnt9LCJtb2JpbGUiOnsibWFyZ2luLWJvdHRvbSI6IjYwcHgiLCJwYWRkaW5nLXRvcCI6IjYwcHgiLCJwYWRkaW5nLWJvdHRvbSI6IjIwcHgifX19&#8243; woodmart_box_shadow=&#8220;no&#8220;][vc_column css=&#8220;.vc_custom_1713334537592{margin-bottom: 40px !important;padding-top: 0px !important;}&#8220; mobile_bg_img_hidden=&#8220;no&#8220; tablet_bg_img_hidden=&#8220;no&#8220; woodmart_parallax=&#8220;0&#8243; woodmart_sticky_column=&#8220;false&#8220; parallax_scroll=&#8220;no&#8220; mobile_reset_margin=&#8220;no&#8220; tablet_reset_margin=&#8220;no&#8220; offset=&#8220;vc_col-lg-5 vc_col-md-5 vc_col-xs-12&#8243; wd_z_index=&#8220;no&#8220; woodmart_css_id=&#8220;661f68f6e8ec4&#8243; responsive_spacing=&#8220;eyJwYXJhbV90eXBlIjoid29vZG1hcnRfcmVzcG9uc2l2ZV9zcGFjaW5nIiwic2VsZWN0b3JfaWQiOiI2NjFmNjhmNmU4ZWM0Iiwic2hvcnRjb2RlIjoidmNfY29sdW1uIiwiZGF0YSI6eyJ0YWJsZXQiOnt9LCJtb2JpbGUiOnt9fX0=&#8220; wd_collapsible_content_switcher=&#8220;no&#8220; wd_column_role_offcanvas_desktop=&#8220;no&#8220; wd_column_role_offcanvas_tablet=&#8220;no&#8220; wd_column_role_offcanvas_mobile=&#8220;no&#8220; wd_column_role_content_desktop=&#8220;no&#8220; wd_column_role_content_tablet=&#8220;no&#8220; wd_column_role_content_mobile=&#8220;no&#8220; woodmart_box_shadow=&#8220;no&#8220;]\n\t\t<div id=\"wd-66459b96d5a4b\" class=\"title-wrapper wd-wpb wd-set-mb reset-last-child  wd-rs-66459b96d5a4b wd-title-color-primary wd-title-style-default text-left vc_custom_1715837853020 wd-width-enabled wd-underline-colored\" style=\"--wd-max-width: 90%;\">\n\t\t\t\t\t\t\t\n\t\t\t\t<div class=\"title-subtitle  subtitle-color-primary font-default subtitle-style-default wd-font-weight-600 wd-fontsize-xs\">K\u00c4LTED\u00c4MMUNG<\/div>\n\t\t\t\n\t\t\t<div class=\"liner-continer\">\n\t\t\t\t<h1 class=\"woodmart-title-container title  wd-font-weight- wd-fontsize-xxl\" >K\u00c4LTED\u00c4MMUNG F\u00dcR DIE PETROCHEMISCHE, CHEMISCHE UND ANDERE INDUSTRIEN<\/h1>\n\t\t\t\t\t\t\t<\/div>\n\t\t\t\n\t\t\t\n\t\t\t\n\t\t<\/div>\n\t\t\n\t\t[\/vc_column][vc_column width=&#8220;1\/2&#8243; css=&#8220;.vc_custom_1629876984854{margin-bottom: 40px !important;padding-top: 0px !important;}&#8220; mobile_bg_img_hidden=&#8220;no&#8220; tablet_bg_img_hidden=&#8220;no&#8220; woodmart_parallax=&#8220;0&#8243; woodmart_sticky_column=&#8220;false&#8220; parallax_scroll=&#8220;no&#8220; mobile_reset_margin=&#8220;no&#8220; tablet_reset_margin=&#8220;no&#8220; offset=&#8220;vc_col-lg-offset-1 vc_col-lg-3 vc_col-md-4&#8243; wd_z_index=&#8220;no&#8220; woodmart_css_id=&#8220;6125f2f5a2779&#8243; responsive_spacing=&#8220;eyJwYXJhbV90eXBlIjoid29vZG1hcnRfcmVzcG9uc2l2ZV9zcGFjaW5nIiwic2VsZWN0b3JfaWQiOiI2MTI1ZjJmNWEyNzc5Iiwic2hvcnRjb2RlIjoidmNfY29sdW1uIiwiZGF0YSI6eyJ0YWJsZXQiOnt9LCJtb2JpbGUiOnt9fX0=&#8220;]\t\t\t<div class=\"info-box-wrapper\">\n\t\t\t\t<div id=\"wd-664454bc34e16\" class=\" wd-rs-664454bc34e16 wd-info-box wd-wpb text-left box-icon-align-left box-style- color-scheme- wd-bg-none wd-items-top vc_custom_1715754183735\">\n\t\t\t\t\t\t\t\t\t\t<div class=\"info-box-content\">\n\t\t\t\t\t\t\t\t\t\t\t\t<div class=\"info-box-inner reset-last-child\"><p>Sichern Sie die optimale Leistung Ihrer Anlage mit unseren professionellen K\u00e4lted\u00e4mmungsl\u00f6sungen. Kontaktieren Sie uns, um mehr zu erfahren und von unseren Dienstleistungen zu profitieren.<\/p>\n<\/div>\n\n\t\t\t\t\t\t\t\t\t\t\t<\/div>\n\n\t\t\t\t\t\t\t\t\t\t\t<a class=\"wd-info-box-link wd-fill\" aria-label=\"Infobox link\" href=\"#\" title=\"\"><\/a>\n\t\t\t\t\t\n\t\t\t\t\t\t\t\t\t<\/div>\n\t\t\t<\/div>\n\t\t[\/vc_column][\/vc_row][vc_row mobile_bg_img_hidden=&#8220;no&#8220; tablet_bg_img_hidden=&#8220;no&#8220; woodmart_parallax=&#8220;0&#8243; woodmart_gradient_switch=&#8220;no&#8220; row_reverse_mobile=&#8220;1&#8243; row_reverse_tablet=&#8220;1&#8243; woodmart_disable_overflow=&#8220;0&#8243; wd_z_index=&#8220;no&#8220; woodmart_css_id=&#8220;664452e81f719&#8243; responsive_spacing=&#8220;eyJwYXJhbV90eXBlIjoid29vZG1hcnRfcmVzcG9uc2l2ZV9zcGFjaW5nIiwic2VsZWN0b3JfaWQiOiI2NjQ0NTJlODFmNzE5Iiwic2hvcnRjb2RlIjoidmNfcm93IiwiZGF0YSI6eyJ0YWJsZXQiOnt9LCJtb2JpbGUiOnsibWFyZ2luLWJvdHRvbSI6IjIwcHgifX19&#8243; woodmart_box_shadow=&#8220;no&#8220;][vc_column css=&#8220;.vc_custom_1629877010833{margin-bottom: 40px !important;padding-top: 0px !important;}&#8220; mobile_bg_img_hidden=&#8220;no&#8220; tablet_bg_img_hidden=&#8220;no&#8220; woodmart_parallax=&#8220;0&#8243; woodmart_sticky_column=&#8220;false&#8220; parallax_scroll=&#8220;no&#8220; mobile_reset_margin=&#8220;no&#8220; tablet_reset_margin=&#8220;no&#8220; offset=&#8220;vc_col-lg-6 vc_col-md-6&#8243; wd_z_index=&#8220;no&#8220; woodmart_css_id=&#8220;6125f30edad72&#8243; responsive_spacing=&#8220;eyJwYXJhbV90eXBlIjoid29vZG1hcnRfcmVzcG9uc2l2ZV9zcGFjaW5nIiwic2VsZWN0b3JfaWQiOiI2MTI1ZjMwZWRhZDcyIiwic2hvcnRjb2RlIjoidmNfY29sdW1uIiwiZGF0YSI6eyJ0YWJsZXQiOnt9LCJtb2JpbGUiOnt9fX0=&#8220;]\t\t<div id=\"wd-66445440baa14\" class=\"wd-image wd-wpb wd-rs-66445440baa14 text-left vc_custom_1715754060523\">\n\t\t\t\n\t\t\t<img loading=\"lazy\" decoding=\"async\" width=\"500\" height=\"300\" src=\"https:\/\/profilplus.pl\/wp-content\/uploads\/2024\/05\/izolace_zimnochronne.jpg\" class=\"attachment-full size-full\" alt=\"\" srcset=\"https:\/\/profilplus.pl\/wp-content\/uploads\/2024\/05\/izolace_zimnochronne.jpg 500w, https:\/\/profilplus.pl\/wp-content\/uploads\/2024\/05\/izolace_zimnochronne-400x240.jpg 400w\" sizes=\"auto, (max-width: 500px) 100vw, 500px\">\n\t\t\t\t\t<\/div>\n\t\t[vc_empty_space height=&#8220;21px&#8220; woodmart_hide_large=&#8220;0&#8243; woodmart_hide_medium=&#8220;0&#8243; woodmart_hide_small=&#8220;0&#8243;]\t\t<div id=\"wd-6644544dcf24a\" class=\"wd-image wd-wpb wd-rs-6644544dcf24a text-left vc_custom_1715754073995\">\n\t\t\t\n\t\t\t<img loading=\"lazy\" decoding=\"async\" width=\"500\" height=\"300\" src=\"https:\/\/profilplus.pl\/wp-content\/uploads\/2024\/05\/izolacje_termiczne_zimnochronne.jpg\" class=\"attachment-full size-full\" alt=\"\" srcset=\"https:\/\/profilplus.pl\/wp-content\/uploads\/2024\/05\/izolacje_termiczne_zimnochronne.jpg 500w, https:\/\/profilplus.pl\/wp-content\/uploads\/2024\/05\/izolacje_termiczne_zimnochronne-400x240.jpg 400w\" sizes=\"auto, (max-width: 500px) 100vw, 500px\">\n\t\t\t\t\t<\/div>\n\t\t[\/vc_column][vc_column css=&#8220;.vc_custom_1715669884257{margin-bottom: 40px !important;padding-top: 0px !important;}&#8220; mobile_bg_img_hidden=&#8220;no&#8220; tablet_bg_img_hidden=&#8220;no&#8220; woodmart_parallax=&#8220;0&#8243; woodmart_sticky_column=&#8220;false&#8220; parallax_scroll=&#8220;no&#8220; mobile_reset_margin=&#8220;no&#8220; tablet_reset_margin=&#8220;no&#8220; offset=&#8220;vc_col-lg-offset-1 vc_col-lg-5 vc_col-md-6 vc_col-xs-12&#8243; wd_z_index=&#8220;no&#8220; woodmart_css_id=&#8220;66430b77c4de5&#8243; responsive_spacing=&#8220;eyJwYXJhbV90eXBlIjoid29vZG1hcnRfcmVzcG9uc2l2ZV9zcGFjaW5nIiwic2VsZWN0b3JfaWQiOiI2NjQzMGI3N2M0ZGU1Iiwic2hvcnRjb2RlIjoidmNfY29sdW1uIiwiZGF0YSI6eyJ0YWJsZXQiOnt9LCJtb2JpbGUiOnsicGFkZGluZy10b3AiOiIwcHgifX19&#8243; wd_collapsible_content_switcher=&#8220;no&#8220; wd_column_role_offcanvas_desktop=&#8220;no&#8220; wd_column_role_offcanvas_tablet=&#8220;no&#8220; wd_column_role_offcanvas_mobile=&#8220;no&#8220; wd_column_role_content_desktop=&#8220;no&#8220; wd_column_role_content_tablet=&#8220;no&#8220; wd_column_role_content_mobile=&#8220;no&#8220; woodmart_box_shadow=&#8220;no&#8220;]\n\t\t<div id=\"wd-6644552696f75\" class=\"title-wrapper wd-wpb wd-set-mb reset-last-child  wd-rs-6644552696f75 wd-title-color-primary wd-title-style-default text-left vc_custom_1715754339918 wd-underline-colored\">\n\t\t\t\t\t\t\t\n\t\t\t\t<div class=\"title-subtitle  subtitle-color-primary font-default subtitle-style-default wd-font-weight-600 wd-fontsize-xs\">ENERGIEEFFIZIENZ<\/div>\n\t\t\t\n\t\t\t<div class=\"liner-continer\">\n\t\t\t\t<h2 class=\"woodmart-title-container title  wd-font-weight- wd-fontsize-xxl\" >K\u00c4LTED\u00c4MMUNG<\/h2>\n\t\t\t\t\t\t\t<\/div>\n\t\t\t\n\t\t\t\n\t\t\t\n\t\t<\/div>\n\t\t\n\t\t\t\t<div id=\"wd-66e7dfa349864\" class=\"wd-text-block wd-wpb reset-last-child wd-rs-66e7dfa349864 text-left wd-width-enabled wd-fontsize-s vc_custom_1726472104393\" style=\"--wd-max-width: 90%;\">\n\t\t\t<p><em>Unsere D\u00e4mmungsl\u00f6sungen werden in der petrochemischen, chemischen, Lebensmittel- und anderen Industrien eingesetzt. Wir bieten umfassende Beratung und einen vollst\u00e4ndigen Service, einschlie\u00dflich der Planung und Installation der D\u00e4mmung.<\/em><\/p>\n\t\t<\/div>\n\t\t\t\t<div id=\"wd-664455819cc83\" class=\"wd-text-block wd-wpb reset-last-child wd-rs-664455819cc83 text-left wd-fontsize-custom vc_custom_1715754523904\">\n\t\t\t<p>K\u00e4lted\u00e4mmung ist entscheidend, um niedrige Temperaturen in Industrieanlagen aufrechtzuerhalten, was zur Energieeffizienz beitr\u00e4gt und die Betriebskosten senkt. Mit unseren D\u00e4mmungsl\u00f6sungen laufen Ihre Anlagen reibungslos und Sie sparen Energiekosten. Wir gehen jedes Projekt individuell an, analysieren die spezifischen Prozessanforderungen und w\u00e4hlen die besten Materialien f\u00fcr die Betriebsbedingungen aus. Wir installieren K\u00e4lted\u00e4mmungen f\u00fcr Elemente wie Tanks, Rohrleitungen, Sanit\u00e4rinstallationen, K\u00fchlsysteme, Klimaanlagen, Bel\u00fcftungssysteme und K\u00fchlkammern. Unsere K\u00e4lted\u00e4mmung sch\u00fctzt Industrieanlagen vor W\u00e4rmeeinwirkung aus der Umgebung und gew\u00e4hrleistet eine optimale Energieeffizienz sowie Schutz vor mechanischen Sch\u00e4den und Korrosion. Wir verwenden Materialien wie synthetischen Gummi, Schaumglas und Polyurethan und w\u00e4hlen sie entsprechend den spezifischen Anforderungen der Installation aus.<\/p>\n\t\t<\/div>\n\t\t[vc_separator color=&#8220;custom&#8220; css=&#8220;.vc_custom_1615616514122{margin-bottom: 20px !important;padding-top: 10px !important;}&#8220; accent_color=&#8220;rgba(10,10,10,0.12)&#8220;][\/vc_column][\/vc_row]<\/p>\n<\/div>","protected":false},"excerpt":{"rendered":"<p>[vc_row full_width=&#8220;stretch_row&#8220; content_placement=&#8220;middle&#8220; woodmart_stretch_content=&#8220;section-stretch&#8220; css=&#8220;.vc_custom_1715667980653{margin-top: -40px !important;margin-bottom: 45px !important;border-bottom-width: 1px !important;padding-top: 80px !important;padding-bottom: 40px !important;background-color: #ffffff !important;border-bottom-style: solid !important;border-color: #e1e1e1<\/p>\n","protected":false},"author":1,"featured_media":0,"parent":0,"menu_order":0,"comment_status":"closed","ping_status":"closed","template":"","meta":{"footnotes":""},"class_list":["post-10087","page","type-page","status-publish","hentry"],"_links":{"self":[{"href":"https:\/\/profilplus.pl\/de\/wp-json\/wp\/v2\/pages\/10087","targetHints":{"allow":["GET"]}}],"collection":[{"href":"https:\/\/profilplus.pl\/de\/wp-json\/wp\/v2\/pages"}],"about":[{"href":"https:\/\/profilplus.pl\/de\/wp-json\/wp\/v2\/types\/page"}],"author":[{"embeddable":true,"href":"https:\/\/profilplus.pl\/de\/wp-json\/wp\/v2\/users\/1"}],"replies":[{"embeddable":true,"href":"https:\/\/profilplus.pl\/de\/wp-json\/wp\/v2\/comments?post=10087"}],"version-history":[{"count":2,"href":"https:\/\/profilplus.pl\/de\/wp-json\/wp\/v2\/pages\/10087\/revisions"}],"predecessor-version":[{"id":10089,"href":"https:\/\/profilplus.pl\/de\/wp-json\/wp\/v2\/pages\/10087\/revisions\/10089"}],"wp:attachment":[{"href":"https:\/\/profilplus.pl\/de\/wp-json\/wp\/v2\/media?parent=10087"}],"curies":[{"name":"wp","href":"https:\/\/api.w.org\/{rel}","templated":true}]}}