{"id":10084,"date":"2021-08-25T09:00:10","date_gmt":"2021-08-25T09:00:10","guid":{"rendered":"https:\/\/profilplus.pl\/kontaktieren-sie-uns\/"},"modified":"2024-11-19T12:29:46","modified_gmt":"2024-11-19T12:29:46","slug":"kontaktieren-sie-uns","status":"publish","type":"page","link":"https:\/\/profilplus.pl\/de\/kontaktieren-sie-uns\/","title":{"rendered":"Kontaktieren sie uns"},"content":{"rendered":"<div class=\"wpb-content-wrapper\"><p>[vc_row full_width=&#8220;stretch_row&#8220; content_placement=&#8220;middle&#8220; woodmart_stretch_content=&#8220;section-stretch&#8220; css=&#8220;.vc_custom_1713336742708{margin-top: -40px !important;margin-bottom: 80px !important;border-bottom-width: 1px !important;padding-top: 80px !important;padding-bottom: 40px !important;background-color: #ffffff !important;border-bottom-style: solid !important;border-color: #e1e1e1 !important;}&#8220; mobile_bg_img_hidden=&#8220;no&#8220; tablet_bg_img_hidden=&#8220;no&#8220; woodmart_parallax=&#8220;0&#8243; woodmart_gradient_switch=&#8220;no&#8220; row_reverse_mobile=&#8220;0&#8243; row_reverse_tablet=&#8220;0&#8243; woodmart_disable_overflow=&#8220;0&#8243; wd_z_index=&#8220;no&#8220; woodmart_css_id=&#8220;661f719f996e3&#8243; responsive_spacing=&#8220;eyJwYXJhbV90eXBlIjoid29vZG1hcnRfcmVzcG9uc2l2ZV9zcGFjaW5nIiwic2VsZWN0b3JfaWQiOiI2NjFmNzE5Zjk5NmUzIiwic2hvcnRjb2RlIjoidmNfcm93IiwiZGF0YSI6eyJ0YWJsZXQiOnt9LCJtb2JpbGUiOnsibWFyZ2luLWJvdHRvbSI6IjYwcHgiLCJwYWRkaW5nLXRvcCI6IjYwcHgiLCJwYWRkaW5nLWJvdHRvbSI6IjIwcHgifX19&#8243; woodmart_box_shadow=&#8220;no&#8220;][vc_column css=&#8220;.vc_custom_1713334537592{margin-bottom: 40px !important;padding-top: 0px !important;}&#8220; mobile_bg_img_hidden=&#8220;no&#8220; tablet_bg_img_hidden=&#8220;no&#8220; woodmart_parallax=&#8220;0&#8243; woodmart_sticky_column=&#8220;false&#8220; parallax_scroll=&#8220;no&#8220; mobile_reset_margin=&#8220;no&#8220; tablet_reset_margin=&#8220;no&#8220; offset=&#8220;vc_col-lg-5 vc_col-md-5 vc_col-xs-12&#8243; wd_z_index=&#8220;no&#8220; woodmart_css_id=&#8220;661f68f6e8ec4&#8243; responsive_spacing=&#8220;eyJwYXJhbV90eXBlIjoid29vZG1hcnRfcmVzcG9uc2l2ZV9zcGFjaW5nIiwic2VsZWN0b3JfaWQiOiI2NjFmNjhmNmU4ZWM0Iiwic2hvcnRjb2RlIjoidmNfY29sdW1uIiwiZGF0YSI6eyJ0YWJsZXQiOnt9LCJtb2JpbGUiOnt9fX0=&#8220; wd_collapsible_content_switcher=&#8220;no&#8220; wd_column_role_offcanvas_desktop=&#8220;no&#8220; wd_column_role_offcanvas_tablet=&#8220;no&#8220; wd_column_role_offcanvas_mobile=&#8220;no&#8220; wd_column_role_content_desktop=&#8220;no&#8220; wd_column_role_content_tablet=&#8220;no&#8220; wd_column_role_content_mobile=&#8220;no&#8220; woodmart_box_shadow=&#8220;no&#8220;]\n\t\t<div id=\"wd-66459a8cf2310\" class=\"title-wrapper wd-wpb wd-set-mb reset-last-child  wd-rs-66459a8cf2310 wd-title-color-primary wd-title-style-default text-left vc_custom_1715837589671 wd-width-enabled wd-underline-colored\" style=\"--wd-max-width: 90%;\">\n\t\t\t\t\t\t\t\n\t\t\t\t<div class=\"title-subtitle  subtitle-color-primary font-default subtitle-style-default wd-font-weight-600 wd-fontsize-xs\">PROFIL PLUS GRZEGORZ LORENC<\/div>\n\t\t\t\n\t\t\t<div class=\"liner-continer\">\n\t\t\t\t<h1 class=\"woodmart-title-container title  wd-font-weight- wd-fontsize-xxl\" >KONTAKTIEREN SIE UNS<\/h1>\n\t\t\t\t\t\t\t<\/div>\n\t\t\t\n\t\t\t\n\t\t\t\n\t\t<\/div>\n\t\t\n\t\t[\/vc_column][vc_column width=&#8220;1\/2&#8243; css=&#8220;.vc_custom_1629876984854{margin-bottom: 40px !important;padding-top: 0px !important;}&#8220; mobile_bg_img_hidden=&#8220;no&#8220; tablet_bg_img_hidden=&#8220;no&#8220; woodmart_parallax=&#8220;0&#8243; woodmart_sticky_column=&#8220;false&#8220; parallax_scroll=&#8220;no&#8220; mobile_reset_margin=&#8220;no&#8220; tablet_reset_margin=&#8220;no&#8220; offset=&#8220;vc_col-lg-offset-1 vc_col-lg-3 vc_col-md-4&#8243; wd_z_index=&#8220;no&#8220; woodmart_css_id=&#8220;6125f2f5a2779&#8243; responsive_spacing=&#8220;eyJwYXJhbV90eXBlIjoid29vZG1hcnRfcmVzcG9uc2l2ZV9zcGFjaW5nIiwic2VsZWN0b3JfaWQiOiI2MTI1ZjJmNWEyNzc5Iiwic2hvcnRjb2RlIjoidmNfY29sdW1uIiwiZGF0YSI6eyJ0YWJsZXQiOnt9LCJtb2JpbGUiOnt9fX0=&#8220;]\t\t\t<div class=\"info-box-wrapper\">\n\t\t\t\t<div id=\"wd-66459e2a78bab\" class=\" wd-rs-66459e2a78bab wd-info-box wd-wpb text-left box-icon-align-left box-style- color-scheme- wd-bg-none wd-items-top vc_custom_1715838526721\">\n\t\t\t\t\t\t\t\t\t\t<div class=\"info-box-content\">\n\t\t\t\t\t\t<h4 class=\"info-box-title title box-title-style-default wd-fontsize-m\">Wir bieten Hilfe und Unterst\u00fctzung<\/h4>\t\t\t\t\t\t<div class=\"info-box-inner reset-last-child\"><p>Wir sind hier, um Ihnen zu helfen und Sie zu unterst\u00fctzen. Besuchen Sie unser B\u00fcro in Maszewo Du\u017ce an der Lipnowska 207. Sie k\u00f6nnen uns auch telefonisch oder per E-Mail erreichen.<\/p>\n<\/div>\n\n\t\t\t\t\t\t\t\t\t\t\t<\/div>\n\n\t\t\t\t\t\t\t\t\t\t\t<a class=\"wd-info-box-link wd-fill\" aria-label=\"Infobox link\" href=\"#\" title=\"\"><\/a>\n\t\t\t\t\t\n\t\t\t\t\t\t\t\t\t<\/div>\n\t\t\t<\/div>\n\t\t[\/vc_column][\/vc_row][vc_row css=&#8220;.vc_custom_1484587700785{margin-bottom: 0px !important;}&#8220;][vc_column width=&#8220;1\/2&#8243; css=&#8220;.vc_custom_1525772281033{margin-bottom: 30px !important;padding-top: 0px !important;}&#8220; offset=&#8220;vc_col-lg-4 vc_col-md-4&#8243;]\n\t\t<div id=\"wd-66459898337bb\" class=\"title-wrapper wd-wpb wd-set-mb reset-last-child  wd-rs-66459898337bb wd-title-color-default wd-title-style-default text-left vc_custom_1715837094444 wd-underline-colored\">\n\t\t\t\n\t\t\t<div class=\"liner-continer\">\n\t\t\t\t<h4 class=\"woodmart-title-container title  wd-font-weight- wd-fontsize-l\" >UNSERE ABTEILUNGEN<\/h4>\n\t\t\t\t\t\t\t<\/div>\n\t\t\t\n\t\t\t\n\t\t\t\n\t\t<\/div>\n\t\t\n\t\t[vc_row_inner][vc_column_inner width=&#8220;1\/2&#8243;]\t\t\t<div class=\"info-box-wrapper\">\n\t\t\t\t<div id=\"wd-664597b065774\" class=\" wd-rs-664597b065774 wd-info-box wd-wpb text-left box-icon-align-top box-style- color-scheme- wd-bg-none vc_custom_1715836883180\">\n\t\t\t\t\t\t\t\t\t\t<div class=\"info-box-content\">\n\t\t\t\t\t\t<h4 class=\"info-box-title title wd-font-weight-600 box-title-style-default font-text wd-fontsize-s\">B\u00fcro<\/h4>\t\t\t\t\t\t<div class=\"info-box-inner reset-last-child\"><p>ul. Lipnowska 207,<br \/>\nMaszewo Du\u017ce, 09-400 P\u0142ock<\/p>\n<\/div>\n\n\t\t\t\t\t\t\t\t\t\t\t<\/div>\n\n\t\t\t\t\t\n\t\t\t\t\t\t\t\t\t<\/div>\n\t\t\t<\/div>\n\t\t\t\t<div id=\"wd-66459828e0ade\" class=\"wd-text-block wd-wpb reset-last-child wd-rs-66459828e0ade text-left \">\n\t\t\t<p><span style=\"color: #333333;\"><strong>E-mail:<\/strong><\/span>\u00a0 <a href=\"mailto:biuro@profilplus.pl\" target=\"_blank\" rel=\"noopener\">biuro@profilplus.pl<\/a><br \/>\n<span style=\"color: #333333;\"><strong>Tel.:<\/strong><\/span>\u00a0 <a href=\"tel:+48243656249\" target=\"_blank\" rel=\"noopener\">+48 24 365 62 49<\/a><\/p>\n\t\t<\/div>\n\t\t[\/vc_column_inner][vc_column_inner width=&#8220;1\/2&#8243;]\t\t\t<div class=\"info-box-wrapper\">\n\t\t\t\t<div id=\"wd-664597d5660c7\" class=\" wd-rs-664597d5660c7 wd-info-box wd-wpb text-left box-icon-align-top box-style- color-scheme- wd-bg-none vc_custom_1715836907644\">\n\t\t\t\t\t\t\t\t\t\t<div class=\"info-box-content\">\n\t\t\t\t\t\t<h4 class=\"info-box-title title wd-font-weight-600 box-title-style-default font-text wd-fontsize-s\">Technische Abteilung<\/h4>\t\t\t\t\t\t<div class=\"info-box-inner reset-last-child\"><p>ul. Le\u015bna 74,<br \/>\nMaszewo Du\u017ce, 09-400 P\u0142ock<\/p>\n<\/div>\n\n\t\t\t\t\t\t\t\t\t\t\t<\/div>\n\n\t\t\t\t\t\n\t\t\t\t\t\t\t\t\t<\/div>\n\t\t\t<\/div>\n\t\t\t\t<div id=\"wd-66459854bbbe0\" class=\"wd-text-block wd-wpb reset-last-child wd-rs-66459854bbbe0 text-left \">\n\t\t\t<p><span style=\"color: #333333;\"><strong>E-mail:<\/strong><\/span>\u00a0 <a href=\"mailto:biuro@profilplus.pl\" target=\"_blank\" rel=\"noopener\">biuro@profilplus.pl<\/a><br \/>\n<span style=\"color: #333333;\"><strong>Tel.:<\/strong><\/span>\u00a0 <a href=\"tel:+48243666866\" target=\"_blank\" rel=\"noopener\">+48 24 366 68 66<\/a><\/p>\n\t\t<\/div>\n\t\t[\/vc_column_inner][\/vc_row_inner][\/vc_column][vc_column width=&#8220;1\/2&#8243; offset=&#8220;vc_col-lg-8 vc_col-md-8&#8243; css=&#8220;.vc_custom_1525772275884{margin-bottom: 30px !important;padding-top: 0px !important;}&#8220;][vc_raw_html css=&#8220;&#8220;]PGlmcmFtZSBzcmM9Imh0dHBzOi8vd3d3Lmdvb2dsZS5jb20vbWFwcy9lbWJlZD9wYj0hMW0xOCExbTEyITFtMyExZDI0MjQuMjI4ODY1ODUyMDc1NiEyZDE5LjYxOTk1MDY3NzI1ODU0ITNkNTIuNTgzNTU1MjcyMDc3ODUhMm0zITFmMCEyZjAhM2YwITNtMiExaTEwMjQhMmk3NjghNGYxMy4xITNtMyExbTIhMXMweDQ3MWM3YjBkZDViMDExNmQlM0EweGU4Mzc2YzJjNDBlOTgxMGMhMnNQcm9maWwlMjBQbHVzJTIwR3J6ZWdvcnolMjBMb3JlbmMhNWUwITNtMiExc3BsITJzcGwhNHYxNzE1ODM2Nzc5NzkwITVtMiExc3BsITJzcGwiIHdpZHRoPSI5MDAiIGhlaWdodD0iNDUwIiBzdHlsZT0iYm9yZGVyOjA7IiBhbGxvd2Z1bGxzY3JlZW49IiIgbG9hZGluZz0ibGF6eSIgcmVmZXJyZXJwb2xpY3k9Im5vLXJlZmVycmVyLXdoZW4tZG93bmdyYWRlIj48L2lmcmFtZT4=[\/vc_raw_html][\/vc_column][\/vc_row]<\/p>\n<\/div>","protected":false},"excerpt":{"rendered":"<p>[vc_row full_width=&#8220;stretch_row&#8220; content_placement=&#8220;middle&#8220; woodmart_stretch_content=&#8220;section-stretch&#8220; css=&#8220;.vc_custom_1713336742708{margin-top: -40px !important;margin-bottom: 80px !important;border-bottom-width: 1px !important;padding-top: 80px !important;padding-bottom: 40px !important;background-color: #ffffff !important;border-bottom-style: solid !important;border-color: #e1e1e1<\/p>\n","protected":false},"author":1,"featured_media":0,"parent":0,"menu_order":0,"comment_status":"closed","ping_status":"closed","template":"","meta":{"footnotes":""},"class_list":["post-10084","page","type-page","status-publish","hentry"],"_links":{"self":[{"href":"https:\/\/profilplus.pl\/de\/wp-json\/wp\/v2\/pages\/10084","targetHints":{"allow":["GET"]}}],"collection":[{"href":"https:\/\/profilplus.pl\/de\/wp-json\/wp\/v2\/pages"}],"about":[{"href":"https:\/\/profilplus.pl\/de\/wp-json\/wp\/v2\/types\/page"}],"author":[{"embeddable":true,"href":"https:\/\/profilplus.pl\/de\/wp-json\/wp\/v2\/users\/1"}],"replies":[{"embeddable":true,"href":"https:\/\/profilplus.pl\/de\/wp-json\/wp\/v2\/comments?post=10084"}],"version-history":[{"count":2,"href":"https:\/\/profilplus.pl\/de\/wp-json\/wp\/v2\/pages\/10084\/revisions"}],"predecessor-version":[{"id":10086,"href":"https:\/\/profilplus.pl\/de\/wp-json\/wp\/v2\/pages\/10084\/revisions\/10086"}],"wp:attachment":[{"href":"https:\/\/profilplus.pl\/de\/wp-json\/wp\/v2\/media?parent=10084"}],"curies":[{"name":"wp","href":"https:\/\/api.w.org\/{rel}","templated":true}]}}