{"id":10080,"date":"2024-05-16T05:59:29","date_gmt":"2024-05-16T05:59:29","guid":{"rendered":"https:\/\/profilplus.pl\/ueber-uns\/"},"modified":"2025-01-09T11:01:01","modified_gmt":"2025-01-09T11:01:01","slug":"ueber-uns","status":"publish","type":"page","link":"https:\/\/profilplus.pl\/de\/ueber-uns\/","title":{"rendered":"\u00dcber uns"},"content":{"rendered":"<div class=\"wpb-content-wrapper\"><p>[vc_row full_width=&#8220;stretch_row&#8220; content_placement=&#8220;middle&#8220; woodmart_stretch_content=&#8220;section-stretch&#8220; css=&#8220;.vc_custom_1715839248936{margin-top: -34px !important;margin-bottom: 21px !important;border-bottom-width: 1px !important;padding-top: 45px !important;padding-bottom: 21px !important;background-color: #ffffff !important;border-bottom-style: solid !important;border-color: #e1e1e1 !important;}&#8220; mobile_bg_img_hidden=&#8220;no&#8220; tablet_bg_img_hidden=&#8220;no&#8220; woodmart_parallax=&#8220;0&#8243; woodmart_gradient_switch=&#8220;no&#8220; row_reverse_mobile=&#8220;0&#8243; row_reverse_tablet=&#8220;0&#8243; woodmart_disable_overflow=&#8220;0&#8243; wd_z_index=&#8220;no&#8220; woodmart_css_id=&#8220;6645a0f74ca6d&#8220; responsive_spacing=&#8220;eyJwYXJhbV90eXBlIjoid29vZG1hcnRfcmVzcG9uc2l2ZV9zcGFjaW5nIiwic2VsZWN0b3JfaWQiOiI2NjQ1YTBmNzRjYTZkIiwic2hvcnRjb2RlIjoidmNfcm93IiwiZGF0YSI6eyJ0YWJsZXQiOnt9LCJtb2JpbGUiOnsibWFyZ2luLWJvdHRvbSI6IjYwcHgiLCJwYWRkaW5nLXRvcCI6IjYwcHgiLCJwYWRkaW5nLWJvdHRvbSI6IjIwcHgifX19&#8243; woodmart_box_shadow=&#8220;no&#8220;][vc_column css=&#8220;.vc_custom_1713334537592{margin-bottom: 40px !important;padding-top: 0px !important;}&#8220; mobile_bg_img_hidden=&#8220;no&#8220; tablet_bg_img_hidden=&#8220;no&#8220; woodmart_parallax=&#8220;0&#8243; woodmart_sticky_column=&#8220;false&#8220; parallax_scroll=&#8220;no&#8220; mobile_reset_margin=&#8220;no&#8220; tablet_reset_margin=&#8220;no&#8220; offset=&#8220;vc_col-lg-5 vc_col-md-5 vc_col-xs-12&#8243; wd_z_index=&#8220;no&#8220; woodmart_css_id=&#8220;661f68f6e8ec4&#8243; responsive_spacing=&#8220;eyJwYXJhbV90eXBlIjoid29vZG1hcnRfcmVzcG9uc2l2ZV9zcGFjaW5nIiwic2VsZWN0b3JfaWQiOiI2NjFmNjhmNmU4ZWM0Iiwic2hvcnRjb2RlIjoidmNfY29sdW1uIiwiZGF0YSI6eyJ0YWJsZXQiOnt9LCJtb2JpbGUiOnt9fX0=&#8220; wd_collapsible_content_switcher=&#8220;no&#8220; wd_column_role_offcanvas_desktop=&#8220;no&#8220; wd_column_role_offcanvas_tablet=&#8220;no&#8220; wd_column_role_offcanvas_mobile=&#8220;no&#8220; wd_column_role_content_desktop=&#8220;no&#8220; wd_column_role_content_tablet=&#8220;no&#8220; wd_column_role_content_mobile=&#8220;no&#8220; woodmart_box_shadow=&#8220;no&#8220;]\n\t\t<div id=\"wd-6645a96f0becc\" class=\"title-wrapper wd-wpb wd-set-mb reset-last-child  wd-rs-6645a96f0becc wd-title-color-primary wd-title-style-default text-left vc_custom_1715841401036 wd-width-enabled wd-underline-colored\" style=\"--wd-max-width: 90%;\">\n\t\t\t\t\t\t\t\n\t\t\t\t<div class=\"title-subtitle  subtitle-color-primary font-default subtitle-style-default wd-font-weight-600 wd-fontsize-xs\">PROFIL PLUS GRZEGORZ LORENC<\/div>\n\t\t\t\n\t\t\t<div class=\"liner-continer\">\n\t\t\t\t<h1 class=\"woodmart-title-container title  wd-font-weight- wd-fontsize-xxl\" >LERNEN SIE UNS KENNEN<\/h1>\n\t\t\t\t\t\t\t<\/div>\n\t\t\t\n\t\t\t\n\t\t\t\n\t\t<\/div>\n\t\t\n\t\t[\/vc_column][vc_column width=&#8220;1\/2&#8243; css=&#8220;.vc_custom_1629876984854{margin-bottom: 40px !important;padding-top: 0px !important;}&#8220; mobile_bg_img_hidden=&#8220;no&#8220; tablet_bg_img_hidden=&#8220;no&#8220; woodmart_parallax=&#8220;0&#8243; woodmart_sticky_column=&#8220;false&#8220; parallax_scroll=&#8220;no&#8220; mobile_reset_margin=&#8220;no&#8220; tablet_reset_margin=&#8220;no&#8220; offset=&#8220;vc_col-lg-offset-1 vc_col-lg-3 vc_col-md-4&#8243; wd_z_index=&#8220;no&#8220; woodmart_css_id=&#8220;6125f2f5a2779&#8243; responsive_spacing=&#8220;eyJwYXJhbV90eXBlIjoid29vZG1hcnRfcmVzcG9uc2l2ZV9zcGFjaW5nIiwic2VsZWN0b3JfaWQiOiI2MTI1ZjJmNWEyNzc5Iiwic2hvcnRjb2RlIjoidmNfY29sdW1uIiwiZGF0YSI6eyJ0YWJsZXQiOnt9LCJtb2JpbGUiOnt9fX0=&#8220;]\t\t\t<div class=\"info-box-wrapper\">\n\t\t\t\t<div id=\"wd-6645a97c85933\" class=\" wd-rs-6645a97c85933 wd-info-box wd-wpb text-left box-icon-align-left box-style- color-scheme- wd-bg-none wd-items-top vc_custom_1715841563664\">\n\t\t\t\t\t\t\t\t\t\t<div class=\"info-box-content\">\n\t\t\t\t\t\t\t\t\t\t\t\t<div class=\"info-box-inner reset-last-child\"><p>Unser Unternehmen wurde 1999 gegr\u00fcndet, um der wachsenden Marktnachfrage nach spezialisierten Isolierungsdienstleistungen f\u00fcr die Raffinerie-Petrochemie-, Chemie- und Energiebranche gerecht zu werden.<\/p>\n<\/div>\n\n\t\t\t\t\t\t\t\t\t\t\t<\/div>\n\n\t\t\t\t\t\t\t\t\t\t\t<a class=\"wd-info-box-link wd-fill\" aria-label=\"Infobox link\" href=\"#\" title=\"\"><\/a>\n\t\t\t\t\t\n\t\t\t\t\t\t\t\t\t<\/div>\n\t\t\t<\/div>\n\t\t[\/vc_column][\/vc_row][vc_row full_width=&#8220;stretch_row&#8220; content_placement=&#8220;middle&#8220; css=&#8220;.vc_custom_1715839871780{margin-right: -10px !important;margin-bottom: 34px !important;margin-left: -10px !important;padding-top: 89px !important;padding-bottom: 55px !important;}&#8220; mobile_bg_img_hidden=&#8220;no&#8220; tablet_bg_img_hidden=&#8220;no&#8220; woodmart_parallax=&#8220;0&#8243; woodmart_gradient_switch=&#8220;no&#8220; row_reverse_mobile=&#8220;0&#8243; row_reverse_tablet=&#8220;0&#8243; woodmart_disable_overflow=&#8220;0&#8243; wd_z_index=&#8220;no&#8220; woodmart_css_id=&#8220;6645a3786207f&#8220; responsive_spacing=&#8220;eyJwYXJhbV90eXBlIjoid29vZG1hcnRfcmVzcG9uc2l2ZV9zcGFjaW5nIiwic2VsZWN0b3JfaWQiOiI2NjQ1YTM3ODYyMDdmIiwic2hvcnRjb2RlIjoidmNfcm93IiwiZGF0YSI6eyJ0YWJsZXQiOnsibWFyZ2luLWJvdHRvbSI6IjYwcHgiLCJwYWRkaW5nLXRvcCI6IjkwcHgiLCJwYWRkaW5nLWJvdHRvbSI6IjYwcHgifSwibW9iaWxlIjp7Im1hcmdpbi1ib3R0b20iOiI0MHB4IiwicGFkZGluZy10b3AiOiI2MHB4IiwicGFkZGluZy1ib3R0b20iOiIyMHB4In19fQ==&#8220; woodmart_box_shadow=&#8220;no&#8220;][vc_column css=&#8220;.vc_custom_1715839286321{margin-bottom: 40px !important;padding-top: 0px !important;padding-right: 10px !important;padding-left: 10px !important;}&#8220; mobile_bg_img_hidden=&#8220;no&#8220; tablet_bg_img_hidden=&#8220;no&#8220; woodmart_parallax=&#8220;0&#8243; woodmart_sticky_column=&#8220;false&#8220; parallax_scroll=&#8220;no&#8220; mobile_reset_margin=&#8220;no&#8220; tablet_reset_margin=&#8220;no&#8220; offset=&#8220;vc_col-lg-6 vc_col-md-6 vc_col-xs-12&#8243; wd_z_index=&#8220;no&#8220; woodmart_css_id=&#8220;6645a12f9595a&#8220; responsive_spacing=&#8220;eyJwYXJhbV90eXBlIjoid29vZG1hcnRfcmVzcG9uc2l2ZV9zcGFjaW5nIiwic2VsZWN0b3JfaWQiOiI2NjQ1YTEyZjk1OTVhIiwic2hvcnRjb2RlIjoidmNfY29sdW1uIiwiZGF0YSI6eyJ0YWJsZXQiOnsibWFyZ2luLWJvdHRvbSI6IjMwcHgifSwibW9iaWxlIjp7fX19&#8243; wd_collapsible_content_switcher=&#8220;no&#8220; wd_column_role_offcanvas_desktop=&#8220;no&#8220; wd_column_role_offcanvas_tablet=&#8220;no&#8220; wd_column_role_offcanvas_mobile=&#8220;no&#8220; wd_column_role_content_desktop=&#8220;no&#8220; wd_column_role_content_tablet=&#8220;no&#8220; wd_column_role_content_mobile=&#8220;no&#8220; woodmart_box_shadow=&#8220;no&#8220;]\n\t\t<div id=\"wd-677fac62c168c\" class=\"title-wrapper wd-wpb wd-set-mb reset-last-child  wd-rs-677fac62c168c wd-title-color-primary wd-title-style-default text-left vc_custom_1736420459352 wd-width-custom wd-underline-colored\">\n\t\t\t\t\t\t\t\n\t\t\t\t<div class=\"title-subtitle  subtitle-color-primary font-default subtitle-style-default wd-font-weight-700 wd-fontsize-xs\">EINIGE WORTE \u00dcBER UNS<\/div>\n\t\t\t\n\t\t\t<div class=\"liner-continer\">\n\t\t\t\t<h2 class=\"woodmart-title-container title  wd-font-weight- wd-fontsize-l\" >25 JAHRE ERFAHRUNG IN DER ISOLIERUNGSDIENSTLEISTUNG<\/h2>\n\t\t\t\t\t\t\t<\/div>\n\t\t\t\n\t\t\t\t\t\t\t<div class=\"title-after_title reset-last-child  wd-fontsize-xs\">Seit Beginn unserer T\u00e4tigkeit unterst\u00fctzen wir unsere Kunden bei der Auswahl geeigneter Materialien und der Analyse technischer L\u00f6sungen, um Funktionalit\u00e4t und Haltbarkeit sicherzustellen. Wir arbeiten mit Herstellern und Lieferanten zusammen, um die h\u00f6chste Qualit\u00e4t der Dienstleistungen zu gew\u00e4hrleisten. Unsere modernen Werkstattanlagen erm\u00f6glichen uns die Vorfertigung von Verkleidungen f\u00fcr die anspruchsvollsten Elemente, einschlie\u00dflich abgedichteter Ummantelungen f\u00fcr K\u00e4lted\u00e4mmung im Nassverfahren.<\/p>\n<p>Jedes Projekt behandeln wir individuell, mit dem Ziel, die volle Kundenzufriedenheit und die Erreichung der festgelegten Leistungsparameter sicherzustellen. Wir gew\u00e4hrleisten Qualit\u00e4tskontrolle in jeder Produktions- und Installationsphase, und die von uns verwendeten Materialien verf\u00fcgen \u00fcber die erforderlichen Zertifikate und Zulassungen. Wir haben ein Qualit\u00e4tsmanagementsystem gem\u00e4\u00df EN ISO 9001:2015 und ein Arbeitsschutzmanagementsystem gem\u00e4\u00df PN-ISO 45001:2018-06 implementiert.<\/div>\n\t\t\t\n\t\t\t\n\t\t<\/div>\n\t\t\n\t\t[\/vc_column][vc_column width=&#8220;1\/2&#8243; css=&#8220;.vc_custom_1661259551735{padding-top: 30px !important;padding-right: 10px !important;padding-left: 10px !important;}&#8220; mobile_bg_img_hidden=&#8220;no&#8220; tablet_bg_img_hidden=&#8220;no&#8220; woodmart_parallax=&#8220;0&#8243; woodmart_sticky_column=&#8220;false&#8220; parallax_scroll=&#8220;no&#8220; mobile_reset_margin=&#8220;no&#8220; tablet_reset_margin=&#8220;no&#8220; offset=&#8220;vc_col-lg-3 vc_col-md-3 vc_col-xs-12 vc_hidden-xs&#8220; wd_z_index=&#8220;no&#8220; woodmart_css_id=&#8220;6304cf1b0e4a9&#8243; responsive_spacing=&#8220;eyJwYXJhbV90eXBlIjoid29vZG1hcnRfcmVzcG9uc2l2ZV9zcGFjaW5nIiwic2VsZWN0b3JfaWQiOiI2MzA0Y2YxYjBlNGE5Iiwic2hvcnRjb2RlIjoidmNfY29sdW1uIiwiZGF0YSI6eyJ0YWJsZXQiOnsicGFkZGluZy10b3AiOiIwcHgifSwibW9iaWxlIjp7fX19&#8243; wd_collapsible_content_switcher=&#8220;no&#8220; wd_column_role_offcanvas_desktop=&#8220;no&#8220; wd_column_role_offcanvas_tablet=&#8220;no&#8220; wd_column_role_offcanvas_mobile=&#8220;no&#8220; wd_column_role_content_desktop=&#8220;no&#8220; wd_column_role_content_tablet=&#8220;no&#8220; wd_column_role_content_mobile=&#8220;no&#8220; woodmart_box_shadow=&#8220;no&#8220;]\t\t<div id=\"wd-63469f3214a58\" class=\"wd-image wd-wpb wd-rs-63469f3214a58 text-left vc_custom_1665572663149\">\n\t\t\t\n\t\t\t<img loading=\"lazy\" decoding=\"async\" width=\"398\" height=\"270\" src=\"https:\/\/profilplus.pl\/wp-content\/uploads\/2024\/05\/acs-ab-us-img-1.jpg\" class=\"attachment-full size-full\" alt=\"\">\n\t\t\t\t\t<\/div>\n\t\t\t\t<div id=\"wd-6645ad3247f34\" class=\"wd-image wd-wpb wd-rs-6645ad3247f34 text-left vc_custom_1715842368359\">\n\t\t\t\n\t\t\t<img loading=\"lazy\" decoding=\"async\" width=\"398\" height=\"420\" src=\"https:\/\/profilplus.pl\/wp-content\/uploads\/2024\/05\/o_nas_profil_plus_2.jpg\" class=\"attachment-full size-full\" alt=\"\" srcset=\"https:\/\/profilplus.pl\/wp-content\/uploads\/2024\/05\/o_nas_profil_plus_2.jpg 398w, https:\/\/profilplus.pl\/wp-content\/uploads\/2024\/05\/o_nas_profil_plus_2-284x300.jpg 284w\" sizes=\"auto, (max-width: 398px) 100vw, 398px\">\n\t\t\t\t\t<\/div>\n\t\t[\/vc_column][vc_column width=&#8220;1\/2&#8243; css=&#8220;.vc_custom_1715839274673{margin-bottom: 21px !important;padding-top: 0px !important;padding-right: 10px !important;padding-left: 10px !important;}&#8220; mobile_bg_img_hidden=&#8220;no&#8220; tablet_bg_img_hidden=&#8220;no&#8220; woodmart_parallax=&#8220;0&#8243; woodmart_sticky_column=&#8220;false&#8220; parallax_scroll=&#8220;no&#8220; mobile_reset_margin=&#8220;no&#8220; tablet_reset_margin=&#8220;no&#8220; offset=&#8220;vc_col-lg-3 vc_col-md-3 vc_col-xs-12&#8243; wd_z_index=&#8220;no&#8220; woodmart_css_id=&#8220;6645a122e7f3c&#8220; responsive_spacing=&#8220;eyJwYXJhbV90eXBlIjoid29vZG1hcnRfcmVzcG9uc2l2ZV9zcGFjaW5nIiwic2VsZWN0b3JfaWQiOiI2NjQ1YTEyMmU3ZjNjIiwic2hvcnRjb2RlIjoidmNfY29sdW1uIiwiZGF0YSI6eyJ0YWJsZXQiOnsibWFyZ2luLWJvdHRvbSI6IjBweCIsInBhZGRpbmctdG9wIjoiMzBweCJ9LCJtb2JpbGUiOnsicGFkZGluZy10b3AiOiIwcHgifX19&#8243; wd_collapsible_content_switcher=&#8220;no&#8220; wd_column_role_offcanvas_desktop=&#8220;no&#8220; wd_column_role_offcanvas_tablet=&#8220;no&#8220; wd_column_role_offcanvas_mobile=&#8220;no&#8220; wd_column_role_content_desktop=&#8220;no&#8220; wd_column_role_content_tablet=&#8220;no&#8220; wd_column_role_content_mobile=&#8220;no&#8220; woodmart_box_shadow=&#8220;no&#8220;][vc_row_inner css=&#8220;.vc_custom_1661255373485{margin-right: 0px !important;margin-left: 0px !important;padding-top: 0px !important;}&#8220; woodmart_css_id=&#8220;6304bec8115b3&#8243; responsive_spacing=&#8220;eyJwYXJhbV90eXBlIjoid29vZG1hcnRfcmVzcG9uc2l2ZV9zcGFjaW5nIiwic2VsZWN0b3JfaWQiOiI2MzA0YmVjODExNWIzIiwic2hvcnRjb2RlIjoidmNfcm93X2lubmVyIiwiZGF0YSI6eyJ0YWJsZXQiOnt9LCJtb2JpbGUiOnt9fX0=&#8220; mobile_bg_img_hidden=&#8220;no&#8220; tablet_bg_img_hidden=&#8220;no&#8220; woodmart_parallax=&#8220;0&#8243; woodmart_gradient_switch=&#8220;no&#8220; woodmart_box_shadow=&#8220;no&#8220; wd_z_index=&#8220;no&#8220; woodmart_disable_overflow=&#8220;0&#8243; row_reverse_mobile=&#8220;0&#8243; row_reverse_tablet=&#8220;0&#8243;][vc_column_inner css=&#8220;.vc_custom_1715841841951{margin-bottom: 20px !important;padding-top: 20px !important;padding-right: 20px !important;padding-bottom: 20px !important;padding-left: 20px !important;background-color: #0095da !important;border-radius: 10px !important;}&#8220; woodmart_css_id=&#8220;6645ab2b33556&#8243; parallax_scroll=&#8220;no&#8220; woodmart_sticky_column=&#8220;false&#8220; wd_collapsible_content_switcher=&#8220;no&#8220; wd_column_role_offcanvas_desktop=&#8220;no&#8220; wd_column_role_offcanvas_tablet=&#8220;no&#8220; wd_column_role_offcanvas_mobile=&#8220;no&#8220; wd_column_role_content_desktop=&#8220;no&#8220; wd_column_role_content_tablet=&#8220;no&#8220; wd_column_role_content_mobile=&#8220;no&#8220; mobile_bg_img_hidden=&#8220;no&#8220; tablet_bg_img_hidden=&#8220;no&#8220; woodmart_parallax=&#8220;0&#8243; woodmart_box_shadow=&#8220;no&#8220; responsive_spacing=&#8220;eyJwYXJhbV90eXBlIjoid29vZG1hcnRfcmVzcG9uc2l2ZV9zcGFjaW5nIiwic2VsZWN0b3JfaWQiOiI2NjQ1YWIyYjMzNTU2Iiwic2hvcnRjb2RlIjoidmNfY29sdW1uX2lubmVyIiwiZGF0YSI6eyJ0YWJsZXQiOnt9LCJtb2JpbGUiOnt9fX0=&#8220; wd_z_index=&#8220;no&#8220;]\t\t<div id=\"wd-6645a5e5e6e8e\" class=\"wd-text-block wd-wpb reset-last-child wd-rs-6645a5e5e6e8e text-left color-scheme-light wd-fontsize-s vc_custom_1715840497289\">\n\t\t\t<p><em>&#8222;Unser Ziel ist Ihre Zufriedenheit \u2013 deshalb erbringen wir unsere Dienstleistungen f\u00fcr Kunden so, als ob wir es f\u00fcr uns selbst tun w\u00fcrden. Wir sind nicht nur ein Anbieter spezialisierter Isolierungsdienste \u2013 wir sind vor allem ein Partner f\u00fcr unsere Kunden.&#8220;<\/em><\/p>\n\t\t<\/div>\n\t\t\t\t\t<div class=\"info-box-wrapper\">\n\t\t\t\t<div id=\"wd-6645a5b67c4c2\" class=\" wd-rs-6645a5b67c4c2 wd-info-box wd-wpb text-left box-icon-align-left box-style- color-scheme-light wd-bg-none wd-items-top vc_custom_1715840443683\">\n\t\t\t\t\t\t\t\t\t\t<div class=\"info-box-content\">\n\t\t\t\t\t\t<h4 class=\"info-box-title title box-title-style-default wd-fontsize-m\">Grzegorz Lorenc<\/h4>\t\t\t\t\t\t<div class=\"info-box-inner reset-last-child\"><p>Inhaber<\/p>\n<\/div>\n\n\t\t\t\t\t\t\t\t\t\t\t<\/div>\n\n\t\t\t\t\t\t\t\t\t\t\t<a class=\"wd-info-box-link wd-fill\" aria-label=\"Infobox link\" href=\"#\" title=\"\"><\/a>\n\t\t\t\t\t\n\t\t\t\t\t\t\t\t\t<\/div>\n\t\t\t<\/div>\n\t\t[\/vc_column_inner][\/vc_row_inner]\t\t<div id=\"wd-6645aafe86b61\" class=\"wd-image wd-wpb wd-rs-6645aafe86b61 text-left \">\n\t\t\t\n\t\t\t<img loading=\"lazy\" decoding=\"async\" width=\"398\" height=\"270\" src=\"https:\/\/profilplus.pl\/wp-content\/uploads\/2024\/05\/o_nas_profil_plus.jpg\" class=\"attachment-full size-full\" alt=\"\">\n\t\t\t\t\t<\/div>\n\t\t[\/vc_column][\/vc_row]<\/p>\n<\/div>","protected":false},"excerpt":{"rendered":"<p>[vc_row full_width=&#8220;stretch_row&#8220; content_placement=&#8220;middle&#8220; woodmart_stretch_content=&#8220;section-stretch&#8220; css=&#8220;.vc_custom_1715839248936{margin-top: -34px !important;margin-bottom: 21px !important;border-bottom-width: 1px !important;padding-top: 45px !important;padding-bottom: 21px !important;background-color: #ffffff !important;border-bottom-style: solid !important;border-color: #e1e1e1<\/p>\n","protected":false},"author":1,"featured_media":0,"parent":0,"menu_order":0,"comment_status":"closed","ping_status":"closed","template":"","meta":{"footnotes":""},"class_list":["post-10080","page","type-page","status-publish","hentry"],"_links":{"self":[{"href":"https:\/\/profilplus.pl\/de\/wp-json\/wp\/v2\/pages\/10080","targetHints":{"allow":["GET"]}}],"collection":[{"href":"https:\/\/profilplus.pl\/de\/wp-json\/wp\/v2\/pages"}],"about":[{"href":"https:\/\/profilplus.pl\/de\/wp-json\/wp\/v2\/types\/page"}],"author":[{"embeddable":true,"href":"https:\/\/profilplus.pl\/de\/wp-json\/wp\/v2\/users\/1"}],"replies":[{"embeddable":true,"href":"https:\/\/profilplus.pl\/de\/wp-json\/wp\/v2\/comments?post=10080"}],"version-history":[{"count":2,"href":"https:\/\/profilplus.pl\/de\/wp-json\/wp\/v2\/pages\/10080\/revisions"}],"predecessor-version":[{"id":10167,"href":"https:\/\/profilplus.pl\/de\/wp-json\/wp\/v2\/pages\/10080\/revisions\/10167"}],"wp:attachment":[{"href":"https:\/\/profilplus.pl\/de\/wp-json\/wp\/v2\/media?parent=10080"}],"curies":[{"name":"wp","href":"https:\/\/api.w.org\/{rel}","templated":true}]}}